{"id":1396,"date":"2021-06-18T12:17:25","date_gmt":"2021-06-18T12:17:25","guid":{"rendered":"http:\/\/avancolog.com.br\/home\/?page_id=1396"},"modified":"2023-02-28T19:23:12","modified_gmt":"2023-02-28T19:23:12","slug":"castelo","status":"publish","type":"page","link":"https:\/\/avancolog.com.br\/home\/castelo\/","title":{"rendered":"Castelo"},"content":{"rendered":"<div class=\"wpb-content-wrapper\">[vc_row][vc_column][vc_custom_heading text=&#8221;Castelo&#8221; font_container=&#8221;tag:h1|text_align:left|color:%23000000&#8243; use_theme_fonts=&#8221;yes&#8221;][vc_column_text]\n<p style=\"font-weight: 400;\">Uma trajet\u00f3ria de 116 anos de hist\u00f3ria, alicer\u00e7ada em tradi\u00e7\u00e3o, inova\u00e7\u00e3o, tecnologia e respeito ao cliente.<\/p>\n<p style=\"font-weight: 400;\">Ao longo desse tempo a Castelo tornou-se refer\u00eancia em vinagres, sendo pioneira na inova\u00e7\u00e3o de embalagens e de sabores diferenciados na categoria, at\u00e9 ser reconhecida como a maior empresa do segmento da Am\u00e9rica Latina. O pr\u00f3ximo passo foi ainda mais ousado: a amplia\u00e7\u00e3o da linha de produtos, sem perder o foco na alimenta\u00e7\u00e3o saud\u00e1vel.<\/p>\n<p style=\"font-weight: 400;\">Evoluindo a cada dia, acompanhou as mudan\u00e7as da sociedade e do comportamento das fam\u00edlias. Sempre pensando nos consumidores, para tornar o seu dia a dia mais leve, passou a oferecer um amplo portf\u00f3lio de produtos saborosos, que aliam praticidade e formula\u00e7\u00e3o balanceada, acondicionados em modernas embalagens. Com isso a marca Castelo, virou sin\u00f4nimo de confian\u00e7a e qualidade!<\/p>\n<p style=\"font-weight: 400;\"><em>PENSOU EM VINAGRE, PENSOU CASTELO<\/em><\/p>\n[\/vc_column_text][\/vc_column][\/vc_row][vc_row][vc_column width=&#8221;1\/4&#8243;][vc_gallery interval=&#8221;3&#8243; images=&#8221;1943,1944,1945,1946&#8243; img_size=&#8221;full&#8221;][\/vc_column][vc_column width=&#8221;1\/4&#8243;][vc_gallery interval=&#8221;3&#8243; images=&#8221;1947,1948,1949,1950,1951&#8243; img_size=&#8221;full&#8221;][\/vc_column][vc_column width=&#8221;1\/4&#8243;][vc_gallery interval=&#8221;3&#8243; images=&#8221;1952,1953&#8243; img_size=&#8221;full&#8221;][\/vc_column][vc_column width=&#8221;1\/4&#8243;][vc_gallery interval=&#8221;3&#8243; images=&#8221;1954,1955,1956,1957,1958,1959,1960,1961,1962,1963&#8243; img_size=&#8221;full&#8221;][\/vc_column][\/vc_row]\n<\/div>","protected":false},"excerpt":{"rendered":"<p>[vc_row][vc_column][vc_custom_heading text=&#8221;Castelo&#8221; font_container=&#8221;tag:h1|text_align:left|color:%23000000&#8243; use_theme_fonts=&#8221;yes&#8221;][vc_column_text] Uma trajet\u00f3ria de 116 anos de hist\u00f3ria, alicer\u00e7ada em tradi\u00e7\u00e3o, inova\u00e7\u00e3o, tecnologia e respeito ao cliente. Ao longo desse tempo a Castelo tornou-se refer\u00eancia em vinagres, sendo pioneira na inova\u00e7\u00e3o de embalagens e de sabores diferenciados na categoria, at\u00e9 ser reconhecida como a maior empresa do segmento da Am\u00e9rica Latina. O [&hellip;]<\/p>\n","protected":false},"author":1,"featured_media":0,"parent":0,"menu_order":0,"comment_status":"closed","ping_status":"closed","template":"","meta":{"footnotes":""},"class_list":["post-1396","page","type-page","status-publish","hentry"],"_links":{"self":[{"href":"https:\/\/avancolog.com.br\/home\/wp-json\/wp\/v2\/pages\/1396","targetHints":{"allow":["GET"]}}],"collection":[{"href":"https:\/\/avancolog.com.br\/home\/wp-json\/wp\/v2\/pages"}],"about":[{"href":"https:\/\/avancolog.com.br\/home\/wp-json\/wp\/v2\/types\/page"}],"author":[{"embeddable":true,"href":"https:\/\/avancolog.com.br\/home\/wp-json\/wp\/v2\/users\/1"}],"replies":[{"embeddable":true,"href":"https:\/\/avancolog.com.br\/home\/wp-json\/wp\/v2\/comments?post=1396"}],"version-history":[{"count":6,"href":"https:\/\/avancolog.com.br\/home\/wp-json\/wp\/v2\/pages\/1396\/revisions"}],"predecessor-version":[{"id":1965,"href":"https:\/\/avancolog.com.br\/home\/wp-json\/wp\/v2\/pages\/1396\/revisions\/1965"}],"wp:attachment":[{"href":"https:\/\/avancolog.com.br\/home\/wp-json\/wp\/v2\/media?parent=1396"}],"curies":[{"name":"wp","href":"https:\/\/api.w.org\/{rel}","templated":true}]}}