{"id":1514,"date":"2022-02-14T17:43:04","date_gmt":"2022-02-14T17:43:04","guid":{"rendered":"http:\/\/avancolog.com.br\/home\/?page_id=1514"},"modified":"2022-02-16T15:34:13","modified_gmt":"2022-02-16T15:34:13","slug":"asa-palmeiron-3","status":"publish","type":"page","link":"https:\/\/avancolog.com.br\/home\/asa-palmeiron-3\/","title":{"rendered":"Fontana"},"content":{"rendered":"<div class=\"wpb-content-wrapper\">[vc_row][vc_column width=&#8221;1\/2&#8243;][vc_custom_heading text=&#8221;Fontana&#8221; font_container=&#8221;tag:h1|text_align:left|color:%23000000&#8243; use_theme_fonts=&#8221;yes&#8221;][vc_column_text]\n<p class=\"mb-4\">Ind\u00fastria e Com\u00e9rcio de Produtos de Limpeza, Higiene, Cosm\u00e9tica e Oleoqu\u00edmicos. Mais de 80 anos de tradi\u00e7\u00e3o no Brasil.<\/p>\n[\/vc_column_text][\/vc_column][vc_column width=&#8221;1\/2&#8243;][vc_gallery interval=&#8221;3&#8243; images=&#8221;1515,1516,1517,1518,1519,1520,1521,1522,1523,1524,1525,1526,1527,1528,1529,1530,1531,1532,1533,1534,1535,1536,1537,1538&#8243; img_size=&#8221;full&#8221;][\/vc_column][\/vc_row]\n<\/div>","protected":false},"excerpt":{"rendered":"<p>[vc_row][vc_column width=&#8221;1\/2&#8243;][vc_custom_heading text=&#8221;Fontana&#8221; font_container=&#8221;tag:h1|text_align:left|color:%23000000&#8243; use_theme_fonts=&#8221;yes&#8221;][vc_column_text] Ind\u00fastria e Com\u00e9rcio de Produtos de Limpeza, Higiene, Cosm\u00e9tica e Oleoqu\u00edmicos. Mais de 80 anos de tradi\u00e7\u00e3o no Brasil. [\/vc_column_text][\/vc_column][vc_column width=&#8221;1\/2&#8243;][vc_gallery interval=&#8221;3&#8243; images=&#8221;1515,1516,1517,1518,1519,1520,1521,1522,1523,1524,1525,1526,1527,1528,1529,1530,1531,1532,1533,1534,1535,1536,1537,1538&#8243; img_size=&#8221;full&#8221;][\/vc_column][\/vc_row]<\/p>\n","protected":false},"author":1,"featured_media":0,"parent":0,"menu_order":0,"comment_status":"closed","ping_status":"closed","template":"","meta":{"footnotes":""},"class_list":["post-1514","page","type-page","status-publish","hentry"],"_links":{"self":[{"href":"https:\/\/avancolog.com.br\/home\/wp-json\/wp\/v2\/pages\/1514","targetHints":{"allow":["GET"]}}],"collection":[{"href":"https:\/\/avancolog.com.br\/home\/wp-json\/wp\/v2\/pages"}],"about":[{"href":"https:\/\/avancolog.com.br\/home\/wp-json\/wp\/v2\/types\/page"}],"author":[{"embeddable":true,"href":"https:\/\/avancolog.com.br\/home\/wp-json\/wp\/v2\/users\/1"}],"replies":[{"embeddable":true,"href":"https:\/\/avancolog.com.br\/home\/wp-json\/wp\/v2\/comments?post=1514"}],"version-history":[{"count":2,"href":"https:\/\/avancolog.com.br\/home\/wp-json\/wp\/v2\/pages\/1514\/revisions"}],"predecessor-version":[{"id":1541,"href":"https:\/\/avancolog.com.br\/home\/wp-json\/wp\/v2\/pages\/1514\/revisions\/1541"}],"wp:attachment":[{"href":"https:\/\/avancolog.com.br\/home\/wp-json\/wp\/v2\/media?parent=1514"}],"curies":[{"name":"wp","href":"https:\/\/api.w.org\/{rel}","templated":true}]}}