{"id":1581,"date":"2022-06-13T11:49:49","date_gmt":"2022-06-13T11:49:49","guid":{"rendered":"http:\/\/avancolog.com.br\/home\/?page_id=1581"},"modified":"2022-06-13T12:12:28","modified_gmt":"2022-06-13T12:12:28","slug":"cidades-atendidas-2","status":"publish","type":"page","link":"https:\/\/avancolog.com.br\/home\/cidades-atendidas-2\/","title":{"rendered":"Cidades Atendidas"},"content":{"rendered":"<div class=\"wpb-content-wrapper\">[vc_row][vc_column][vc_empty_space][vc_custom_heading text=&#8221;Cidades Atendidas&#8221; font_container=&#8221;tag:h2|text_align:center|color:%23000000&#8243; use_theme_fonts=&#8221;yes&#8221;][vc_empty_space][vc_single_image image=&#8221;1575&#8243; img_size=&#8221;full&#8221; alignment=&#8221;center&#8221;][\/vc_column][\/vc_row][vc_row][vc_column width=&#8221;1\/3&#8243;][vc_column_text]\n<table width=\"154\">\n<tbody>\n<tr>\n<td width=\"154\"><strong><span style=\"color: #000000;\">Abar\u00e9<\/span><\/strong><\/td>\n<\/tr>\n<tr>\n<td><strong><span style=\"color: #000000;\">Acajutiba<\/span><\/strong><\/td>\n<\/tr>\n<tr>\n<td><strong><span style=\"color: #000000;\">\u00c1gua Fria<\/span><\/strong><\/td>\n<\/tr>\n<tr>\n<td><strong><span style=\"color: #000000;\">Alagoinhas<\/span><\/strong><\/td>\n<\/tr>\n<tr>\n<td><strong><span style=\"color: #000000;\">Amargosa<\/span><\/strong><\/td>\n<\/tr>\n<tr>\n<td><strong><span style=\"color: #000000;\">Am\u00e9lia Rodrigues<\/span><\/strong><\/td>\n<\/tr>\n<tr>\n<td><strong><span style=\"color: #000000;\">Am\u00e9rica Dourada<\/span><\/strong><\/td>\n<\/tr>\n<tr>\n<td><strong><span style=\"color: #000000;\">Andara\u00ed<\/span><\/strong><\/td>\n<\/tr>\n<tr>\n<td><strong><span style=\"color: #000000;\">Andorinha<\/span><\/strong><\/td>\n<\/tr>\n<tr>\n<td><strong><span style=\"color: #000000;\">Anguera<\/span><\/strong><\/td>\n<\/tr>\n<tr>\n<td><strong><span style=\"color: #000000;\">Antas<\/span><\/strong><\/td>\n<\/tr>\n<tr>\n<td><strong><span style=\"color: #000000;\">Ant\u00f4nio Gon\u00e7alves<\/span><\/strong><\/td>\n<\/tr>\n<tr>\n<td><strong><span style=\"color: #000000;\">Apor\u00e1<\/span><\/strong><\/td>\n<\/tr>\n<tr>\n<td><strong><span style=\"color: #000000;\">Ara\u00e7as<\/span><\/strong><\/td>\n<\/tr>\n<tr>\n<td><strong><span style=\"color: #000000;\">Araci<\/span><\/strong><\/td>\n<\/tr>\n<tr>\n<td><strong><span style=\"color: #000000;\">Aramari<\/span><\/strong><\/td>\n<\/tr>\n<tr>\n<td><strong><span style=\"color: #000000;\">Aurelino Leal<\/span><\/strong><\/td>\n<\/tr>\n<tr>\n<td><strong><span style=\"color: #000000;\">Baixa Grande<\/span><\/strong><\/td>\n<\/tr>\n<tr>\n<td><strong><span style=\"color: #000000;\">Banza\u00ea<\/span><\/strong><\/td>\n<\/tr>\n<tr>\n<td><strong><span style=\"color: #000000;\">Barra<\/span><\/strong><\/td>\n<\/tr>\n<tr>\n<td><strong><span style=\"color: #000000;\">Barra do Mendes<\/span><\/strong><\/td>\n<\/tr>\n<tr>\n<td><strong><span style=\"color: #000000;\">Barro Alto<\/span><\/strong><\/td>\n<\/tr>\n<tr>\n<td><strong><span style=\"color: #000000;\">Barrocas<\/span><\/strong><\/td>\n<\/tr>\n<tr>\n<td><strong><span style=\"color: #000000;\">Biritinga<\/span><\/strong><\/td>\n<\/tr>\n<tr>\n<td><strong><span style=\"color: #000000;\">Boa Vista do Tupim<\/span><\/strong><\/td>\n<\/tr>\n<tr>\n<td><strong><span style=\"color: #000000;\">Boninal<\/span><\/strong><\/td>\n<\/tr>\n<tr>\n<td><strong><span style=\"color: #000000;\">Bonito<\/span><\/strong><\/td>\n<\/tr>\n<tr>\n<td><strong><span style=\"color: #000000;\">Brej\u00f5es<\/span><\/strong><\/td>\n<\/tr>\n<tr>\n<td><strong><span style=\"color: #000000;\">Cabaceiras do Paragua\u00e7u<\/span><\/strong><\/td>\n<\/tr>\n<tr>\n<td><strong><span style=\"color: #000000;\">Cachoeira<\/span><\/strong><\/td>\n<\/tr>\n<tr>\n<td><strong><span style=\"color: #000000;\">Ca\u00e9m<\/span><\/strong><\/td>\n<\/tr>\n<tr>\n<td><strong><span style=\"color: #000000;\">Cafarnaum<\/span><\/strong><\/td>\n<\/tr>\n<tr>\n<td><strong><span style=\"color: #000000;\">Cairu<\/span><\/strong><\/td>\n<\/tr>\n<tr>\n<td><strong><span style=\"color: #000000;\">Cama\u00e7ari<\/span><\/strong><\/td>\n<\/tr>\n<tr>\n<td><strong><span style=\"color: #000000;\">Camamu<\/span><\/strong><\/td>\n<\/tr>\n<tr>\n<td><strong><span style=\"color: #000000;\">Campo Formoso<\/span><\/strong><\/td>\n<\/tr>\n<tr>\n<td><strong><span style=\"color: #000000;\">Canarana<\/span><\/strong><\/td>\n<\/tr>\n<tr>\n<td><strong><span style=\"color: #000000;\">Candeal<\/span><\/strong><\/td>\n<\/tr>\n<tr>\n<td><strong><span style=\"color: #000000;\">Candeias<\/span><\/strong><\/td>\n<\/tr>\n<tr>\n<td><strong><span style=\"color: #000000;\">Cansan\u00e7\u00e3o<\/span><\/strong><\/td>\n<\/tr>\n<tr>\n<td><strong><span style=\"color: #000000;\">Canudos<\/span><\/strong><\/td>\n<\/tr>\n<tr>\n<td><strong><span style=\"color: #000000;\">Capela do Alto Alegre<\/span><\/strong><\/td>\n<\/tr>\n<tr>\n<td><strong><span style=\"color: #000000;\">Capim Grosso<\/span><\/strong><\/td>\n<\/tr>\n<tr>\n<td><strong><span style=\"color: #000000;\">Cardeal da Silva<\/span><\/strong><\/td>\n<\/tr>\n<tr>\n<td><strong><span style=\"color: #000000;\">Casa Nova<\/span><\/strong><\/td>\n<\/tr>\n<tr>\n<td><strong><span style=\"color: #000000;\">Castro Alves<\/span><\/strong><\/td>\n<\/tr>\n<tr>\n<td><strong><span style=\"color: #000000;\">Catu<\/span><\/strong><\/td>\n<\/tr>\n<tr>\n<td><strong><span style=\"color: #000000;\">Central<\/span><\/strong><\/td>\n<\/tr>\n<tr>\n<td><strong><span style=\"color: #000000;\">Chorroch\u00f3<\/span><\/strong><\/td>\n<\/tr>\n<tr>\n<td><strong><span style=\"color: #000000;\">C\u00edcero Dantas<\/span><\/strong><\/td>\n<\/tr>\n<tr>\n<td><strong><span style=\"color: #000000;\">Cip\u00f3<\/span><\/strong><\/td>\n<\/tr>\n<tr>\n<td><strong><span style=\"color: #000000;\">Concei\u00e7\u00e3o da Feira<\/span><\/strong><\/td>\n<\/tr>\n<tr>\n<td><strong><span style=\"color: #000000;\">Concei\u00e7\u00e3o do Almeida<\/span><\/strong><\/td>\n<\/tr>\n<tr>\n<td><strong><span style=\"color: #000000;\">Concei\u00e7\u00e3o do Coit\u00e9<\/span><\/strong><\/td>\n<\/tr>\n<tr>\n<td><strong><span style=\"color: #000000;\">Concei\u00e7\u00e3o do Jacu\u00edpe<\/span><\/strong><\/td>\n<\/tr>\n<tr>\n<td><strong><span style=\"color: #000000;\">Conde<\/span><\/strong><\/td>\n<\/tr>\n<tr>\n<td><strong><span style=\"color: #000000;\">Cora\u00e7\u00e3o de Maria<\/span><\/strong><\/td>\n<\/tr>\n<tr>\n<td><strong><span style=\"color: #000000;\">Coronel Jo\u00e3o S\u00e1<\/span><\/strong><\/td>\n<\/tr>\n<tr>\n<td><strong><span style=\"color: #000000;\">Cravol\u00e2ndia<\/span><\/strong><\/td>\n<\/tr>\n<tr>\n<td><strong><span style=\"color: #000000;\">Cris\u00f3polis<\/span><\/strong><\/td>\n<\/tr>\n<tr>\n<td><strong><span style=\"color: #000000;\">Cruz das Almas<\/span><\/strong><\/td>\n<\/tr>\n<tr>\n<td><strong><span style=\"color: #000000;\">Cura\u00e7\u00e1<\/span><\/strong><\/td>\n<\/tr>\n<tr>\n<td><strong><span style=\"color: #000000;\">Dias d&#8217;\u00c1vila<\/span><\/strong><\/td>\n<\/tr>\n<tr>\n<td><strong><span style=\"color: #000000;\">El\u00edsio Medrado<\/span><\/strong><\/td>\n<\/tr>\n<tr>\n<td><strong><span style=\"color: #000000;\">Entre Rios<\/span><\/strong><\/td>\n<\/tr>\n<tr>\n<td><strong><span style=\"color: #000000;\">Esplanada<\/span><\/strong><\/td>\n<\/tr>\n<tr>\n<td><strong><span style=\"color: #000000;\">Euclides da Cunha<\/span><\/strong><\/td>\n<\/tr>\n<tr>\n<td><strong><span style=\"color: #000000;\">F\u00e1tima<\/span><\/strong><\/td>\n<\/tr>\n<tr>\n<td><strong><span style=\"color: #000000;\">Feira de Santana<\/span><\/strong><\/td>\n<\/tr>\n<tr>\n<td><strong><span style=\"color: #000000;\">Filad\u00e9lfia<\/span><\/strong><\/td>\n<\/tr>\n<tr>\n<td><strong><span style=\"color: #000000;\">Gandu<\/span><\/strong><\/td>\n<\/tr>\n<tr>\n<td><strong><span style=\"color: #000000;\">Gavi\u00e3o<\/span><\/strong><\/td>\n<\/tr>\n<\/tbody>\n<\/table>\n[\/vc_column_text][\/vc_column][vc_column width=&#8221;1\/3&#8243;][vc_column_text]<span style=\"color: #000000;\"><strong>Gentio do Ouro<\/strong><\/span><\/p>\n<table width=\"154\">\n<tbody>\n<tr>\n<td><span style=\"color: #000000;\"><strong>Gl\u00f3ria<\/strong><\/span><\/td>\n<\/tr>\n<tr>\n<td><span style=\"color: #000000;\"><strong>Governador Mangabeira<\/strong><\/span><\/td>\n<\/tr>\n<tr>\n<td><span style=\"color: #000000;\"><strong>Guanambi<\/strong><\/span><\/td>\n<\/tr>\n<tr>\n<td><span style=\"color: #000000;\"><strong>Heli\u00f3polis<\/strong><\/span><\/td>\n<\/tr>\n<tr>\n<td><span style=\"color: #000000;\"><strong>Ia\u00e7u<\/strong><\/span><\/td>\n<\/tr>\n<tr>\n<td><span style=\"color: #000000;\"><strong>Ibipeba<\/strong><\/span><\/td>\n<\/tr>\n<tr>\n<td><span style=\"color: #000000;\"><strong>Ibiquera<\/strong><\/span><\/td>\n<\/tr>\n<tr>\n<td><span style=\"color: #000000;\"><strong>Ibirapitanga<\/strong><\/span><\/td>\n<\/tr>\n<tr>\n<td><span style=\"color: #000000;\"><strong>Ibitiara<\/strong><\/span><\/td>\n<\/tr>\n<tr>\n<td><span style=\"color: #000000;\"><strong>Ibitit\u00e1<\/strong><\/span><\/td>\n<\/tr>\n<tr>\n<td><span style=\"color: #000000;\"><strong>Ichu<\/strong><\/span><\/td>\n<\/tr>\n<tr>\n<td><span style=\"color: #000000;\"><strong>Igrapi\u00fana<\/strong><\/span><\/td>\n<\/tr>\n<tr>\n<td><span style=\"color: #000000;\"><strong>Inhambupe<\/strong><\/span><\/td>\n<\/tr>\n<tr>\n<td><span style=\"color: #000000;\"><strong>Ipecaet\u00e1<\/strong><\/span><\/td>\n<\/tr>\n<tr>\n<td><span style=\"color: #000000;\"><strong>Ipir\u00e1<\/strong><\/span><\/td>\n<\/tr>\n<tr>\n<td><span style=\"color: #000000;\"><strong>Irajuba<\/strong><\/span><\/td>\n<\/tr>\n<tr>\n<td><span style=\"color: #000000;\"><strong>Iraquara<\/strong><\/span><\/td>\n<\/tr>\n<tr>\n<td><span style=\"color: #000000;\"><strong>Irar\u00e1<\/strong><\/span><\/td>\n<\/tr>\n<tr>\n<td><span style=\"color: #000000;\"><strong>Irec\u00ea<\/strong><\/span><\/td>\n<\/tr>\n<tr>\n<td><span style=\"color: #000000;\"><strong>Itaberaba<\/strong><\/span><\/td>\n<\/tr>\n<tr>\n<td><span style=\"color: #000000;\"><strong>Itagua\u00e7u da Bahia<\/strong><\/span><\/td>\n<\/tr>\n<tr>\n<td><span style=\"color: #000000;\"><strong>Itaparica<\/strong><\/span><\/td>\n<\/tr>\n<tr>\n<td><span style=\"color: #000000;\"><strong>Itaquara<\/strong><\/span><\/td>\n<\/tr>\n<tr>\n<td><span style=\"color: #000000;\"><strong>Itatim<\/strong><\/span><\/td>\n<\/tr>\n<tr>\n<td><span style=\"color: #000000;\"><strong>Itiru\u00e7u<\/strong><\/span><\/td>\n<\/tr>\n<tr>\n<td><span style=\"color: #000000;\"><strong>Iti\u00faba<\/strong><\/span><\/td>\n<\/tr>\n<tr>\n<td><span style=\"color: #000000;\"><strong>Ituber\u00e1<\/strong><\/span><\/td>\n<\/tr>\n<tr>\n<td><span style=\"color: #000000;\"><strong>Jacobina<\/strong><\/span><\/td>\n<\/tr>\n<tr>\n<td><span style=\"color: #000000;\"><strong>Jaguaquara<\/strong><\/span><\/td>\n<\/tr>\n<tr>\n<td><span style=\"color: #000000;\"><strong>Jaguarari<\/strong><\/span><\/td>\n<\/tr>\n<tr>\n<td><span style=\"color: #000000;\"><strong>Janda\u00edra<\/strong><\/span><\/td>\n<\/tr>\n<tr>\n<td><span style=\"color: #000000;\"><strong>Jeremoabo<\/strong><\/span><\/td>\n<\/tr>\n<tr>\n<td><span style=\"color: #000000;\"><strong>Jiquiri\u00e7\u00e1<\/strong><\/span><\/td>\n<\/tr>\n<tr>\n<td><span style=\"color: #000000;\"><strong>Jo\u00e3o Dourado<\/strong><\/span><\/td>\n<\/tr>\n<tr>\n<td><span style=\"color: #000000;\"><strong>Juazeiro<\/strong><\/span><\/td>\n<\/tr>\n<tr>\n<td><span style=\"color: #000000;\"><strong>Jussara<\/strong><\/span><\/td>\n<\/tr>\n<tr>\n<td><span style=\"color: #000000;\"><strong>Laje<\/strong><\/span><\/td>\n<\/tr>\n<tr>\n<td><span style=\"color: #000000;\"><strong>Lamar\u00e3o<\/strong><\/span><\/td>\n<\/tr>\n<tr>\n<td><span style=\"color: #000000;\"><strong>Lap\u00e3o<\/strong><\/span><\/td>\n<\/tr>\n<tr>\n<td><span style=\"color: #000000;\"><strong>Len\u00e7\u00f3is<\/strong><\/span><\/td>\n<\/tr>\n<tr>\n<td><span style=\"color: #000000;\"><strong>Macurur\u00e9<\/strong><\/span><\/td>\n<\/tr>\n<tr>\n<td><span style=\"color: #000000;\"><strong>Mairi<\/strong><\/span><\/td>\n<\/tr>\n<tr>\n<td><span style=\"color: #000000;\"><strong>Marac\u00e1s<\/strong><\/span><\/td>\n<\/tr>\n<tr>\n<td><span style=\"color: #000000;\"><strong>Maragogipe<\/strong><\/span><\/td>\n<\/tr>\n<tr>\n<td><span style=\"color: #000000;\"><strong>Mara\u00fa<\/strong><\/span><\/td>\n<\/tr>\n<tr>\n<td><span style=\"color: #000000;\"><strong>Mata de S\u00e3o Jo\u00e3o<\/strong><\/span><\/td>\n<\/tr>\n<tr>\n<td><span style=\"color: #000000;\"><strong>Miguel Calmon<\/strong><\/span><\/td>\n<\/tr>\n<tr>\n<td><span style=\"color: #000000;\"><strong>Milagres<\/strong><\/span><\/td>\n<\/tr>\n<tr>\n<td><span style=\"color: #000000;\"><strong>Mirangaba<\/strong><\/span><\/td>\n<\/tr>\n<tr>\n<td><span style=\"color: #000000;\"><strong>Monte Santo<\/strong><\/span><\/td>\n<\/tr>\n<tr>\n<td><span style=\"color: #000000;\"><strong>Morro do Chap\u00e9u<\/strong><\/span><\/td>\n<\/tr>\n<tr>\n<td><span style=\"color: #000000;\"><strong>Mulungu do Morro<\/strong><\/span><\/td>\n<\/tr>\n<tr>\n<td><span style=\"color: #000000;\"><strong>Mundo Novo<\/strong><\/span><\/td>\n<\/tr>\n<tr>\n<td><span style=\"color: #000000;\"><strong>Muritiba<\/strong><\/span><\/td>\n<\/tr>\n<tr>\n<td><span style=\"color: #000000;\"><strong>Mutu\u00edpe<\/strong><\/span><\/td>\n<\/tr>\n<tr>\n<td><span style=\"color: #000000;\"><strong>Nazar\u00e9<\/strong><\/span><\/td>\n<\/tr>\n<tr>\n<td><span style=\"color: #000000;\"><strong>Nilo Pe\u00e7anha<\/strong><\/span><\/td>\n<\/tr>\n<tr>\n<td><span style=\"color: #000000;\"><strong>Nordestina<\/strong><\/span><\/td>\n<\/tr>\n<tr>\n<td><span style=\"color: #000000;\"><strong>Nova F\u00e1tima<\/strong><\/span><\/td>\n<\/tr>\n<tr>\n<td><span style=\"color: #000000;\"><strong>Nova Itarana<\/strong><\/span><\/td>\n<\/tr>\n<tr>\n<td><span style=\"color: #000000;\"><strong>Nova Reden\u00e7\u00e3o<\/strong><\/span><\/td>\n<\/tr>\n<tr>\n<td><span style=\"color: #000000;\"><strong>Nova Soure<\/strong><\/span><\/td>\n<\/tr>\n<tr>\n<td><span style=\"color: #000000;\"><strong>Novo Horizonte<\/strong><\/span><\/td>\n<\/tr>\n<tr>\n<td><span style=\"color: #000000;\"><strong>Novo Triunfo<\/strong><\/span><\/td>\n<\/tr>\n<tr>\n<td><span style=\"color: #000000;\"><strong>Olindina<\/strong><\/span><\/td>\n<\/tr>\n<tr>\n<td><span style=\"color: #000000;\"><strong>Palmeiras<\/strong><\/span><\/td>\n<\/tr>\n<tr>\n<td><span style=\"color: #000000;\"><strong>Paripiranga<\/strong><\/span><\/td>\n<\/tr>\n<tr>\n<td><span style=\"color: #000000;\"><strong>Paulo Afonso<\/strong><\/span><\/td>\n<\/tr>\n<tr>\n<td><span style=\"color: #000000;\"><strong>P\u00e9 de Serra<\/strong><\/span><\/td>\n<\/tr>\n<tr>\n<td><span style=\"color: #000000;\"><strong>Pedr\u00e3o<\/strong><\/span><\/td>\n<\/tr>\n<tr>\n<td><span style=\"color: #000000;\"><strong>Pedro Alexandre<\/strong><\/span><\/td>\n<\/tr>\n<\/tbody>\n<\/table>\n[\/vc_column_text][\/vc_column][vc_column width=&#8221;1\/3&#8243;][vc_column_text]\n<table width=\"154\">\n<tbody>\n<tr>\n<td><strong><span style=\"color: #000000;\">Pil\u00e3o Arcado<\/span><\/strong><\/td>\n<\/tr>\n<tr>\n<td><strong><span style=\"color: #000000;\">Pintadas<\/span><\/strong><\/td>\n<\/tr>\n<tr>\n<td><strong><span style=\"color: #000000;\">Pira\u00ed do Norte<\/span><\/strong><\/td>\n<\/tr>\n<tr>\n<td><strong><span style=\"color: #000000;\">Piritiba<\/span><\/strong><\/td>\n<\/tr>\n<tr>\n<td><strong><span style=\"color: #000000;\">Planaltino<\/span><\/strong><\/td>\n<\/tr>\n<tr>\n<td><strong><span style=\"color: #000000;\">Pojuca<\/span><\/strong><\/td>\n<\/tr>\n<tr>\n<td><strong><span style=\"color: #000000;\">Ponto Novo<\/span><\/strong><\/td>\n<\/tr>\n<tr>\n<td><strong><span style=\"color: #000000;\">Presidente Dutra<\/span><\/strong><\/td>\n<\/tr>\n<tr>\n<td><strong><span style=\"color: #000000;\">Presidente Tancredo Neves<\/span><\/strong><\/td>\n<\/tr>\n<tr>\n<td><strong><span style=\"color: #000000;\">Queimadas<\/span><\/strong><\/td>\n<\/tr>\n<tr>\n<td><strong><span style=\"color: #000000;\">Quijingue<\/span><\/strong><\/td>\n<\/tr>\n<tr>\n<td><strong><span style=\"color: #000000;\">Quixabeira<\/span><\/strong><\/td>\n<\/tr>\n<tr>\n<td><strong><span style=\"color: #000000;\">Rafael Jambeiro<\/span><\/strong><\/td>\n<\/tr>\n<tr>\n<td><strong><span style=\"color: #000000;\">Remanso<\/span><\/strong><\/td>\n<\/tr>\n<tr>\n<td><strong><span style=\"color: #000000;\">Retirol\u00e2ndia<\/span><\/strong><\/td>\n<\/tr>\n<tr>\n<td><strong><span style=\"color: #000000;\">Riach\u00e3o do Jacu\u00edpe<\/span><\/strong><\/td>\n<\/tr>\n<tr>\n<td><strong><span style=\"color: #000000;\">Ribeira do Amparo<\/span><\/strong><\/td>\n<\/tr>\n<tr>\n<td><strong><span style=\"color: #000000;\">Ribeira do Pombal<\/span><\/strong><\/td>\n<\/tr>\n<tr>\n<td><strong><span style=\"color: #000000;\">Rio Real<\/span><\/strong><\/td>\n<\/tr>\n<tr>\n<td><strong><span style=\"color: #000000;\">Rodelas<\/span><\/strong><\/td>\n<\/tr>\n<tr>\n<td><strong><span style=\"color: #000000;\">Ruy Barbosa<\/span><\/strong><\/td>\n<\/tr>\n<tr>\n<td><strong><span style=\"color: #000000;\">Salinas da Margarida<\/span><\/strong><\/td>\n<\/tr>\n<tr>\n<td><strong><span style=\"color: #000000;\">Salvador<\/span><\/strong><\/td>\n<\/tr>\n<tr>\n<td><strong><span style=\"color: #000000;\">Santa B\u00e1rbara<\/span><\/strong><\/td>\n<\/tr>\n<tr>\n<td><strong><span style=\"color: #000000;\">Santa Br\u00edgida<\/span><\/strong><\/td>\n<\/tr>\n<tr>\n<td><strong><span style=\"color: #000000;\">Santa In\u00eas<\/span><\/strong><\/td>\n<\/tr>\n<tr>\n<td><strong><span style=\"color: #000000;\">Santaluz<\/span><\/strong><\/td>\n<\/tr>\n<tr>\n<td><strong><span style=\"color: #000000;\">Santan\u00f3polis<\/span><\/strong><\/td>\n<\/tr>\n<tr>\n<td><strong><span style=\"color: #000000;\">Santo Amaro<\/span><\/strong><\/td>\n<\/tr>\n<tr>\n<td><strong><span style=\"color: #000000;\">Santo Ant\u00f4nio de Jesus<\/span><\/strong><\/td>\n<\/tr>\n<tr>\n<td><strong><span style=\"color: #000000;\">Santo Est\u00eav\u00e3o<\/span><\/strong><\/td>\n<\/tr>\n<tr>\n<td><strong><span style=\"color: #000000;\">S\u00e3o Domingos<\/span><\/strong><\/td>\n<\/tr>\n<tr>\n<td><strong><span style=\"color: #000000;\">S\u00e3o Felipe<\/span><\/strong><\/td>\n<\/tr>\n<tr>\n<td><strong><span style=\"color: #000000;\">S\u00e3o F\u00e9lix<\/span><\/strong><\/td>\n<\/tr>\n<tr>\n<td><strong><span style=\"color: #000000;\">S\u00e3o Gabriel<\/span><\/strong><\/td>\n<\/tr>\n<tr>\n<td><strong><span style=\"color: #000000;\">S\u00e3o Gon\u00e7alo dos Campos<\/span><\/strong><\/td>\n<\/tr>\n<tr>\n<td><strong><span style=\"color: #000000;\">S\u00e3o Jos\u00e9 do Jacu\u00edpe<\/span><\/strong><\/td>\n<\/tr>\n<tr>\n<td><strong><span style=\"color: #000000;\">S\u00e3o Miguel das Matas<\/span><\/strong><\/td>\n<\/tr>\n<tr>\n<td><strong><span style=\"color: #000000;\">S\u00e3o Sebasti\u00e3o do Pass\u00e9<\/span><\/strong><\/td>\n<\/tr>\n<tr>\n<td><strong><span style=\"color: #000000;\">Sapea\u00e7u<\/span><\/strong><\/td>\n<\/tr>\n<tr>\n<td><strong><span style=\"color: #000000;\">S\u00e1tiro Dias<\/span><\/strong><\/td>\n<\/tr>\n<tr>\n<td><strong><span style=\"color: #000000;\">Saubara<\/span><\/strong><\/td>\n<\/tr>\n<tr>\n<td><strong><span style=\"color: #000000;\">Sa\u00fade<\/span><\/strong><\/td>\n<\/tr>\n<tr>\n<td><strong><span style=\"color: #000000;\">Seabra<\/span><\/strong><\/td>\n<\/tr>\n<tr>\n<td><strong><span style=\"color: #000000;\">Senhor do Bonfim<\/span><\/strong><\/td>\n<\/tr>\n<tr>\n<td><strong><span style=\"color: #000000;\">Serra Preta<\/span><\/strong><\/td>\n<\/tr>\n<tr>\n<td><strong><span style=\"color: #000000;\">Serrinha<\/span><\/strong><\/td>\n<\/tr>\n<tr>\n<td><strong><span style=\"color: #000000;\">Serrol\u00e2ndia<\/span><\/strong><\/td>\n<\/tr>\n<tr>\n<td><strong><span style=\"color: #000000;\">Sim\u00f5es Filho<\/span><\/strong><\/td>\n<\/tr>\n<tr>\n<td><strong><span style=\"color: #000000;\">S\u00edtio do Quinto<\/span><\/strong><\/td>\n<\/tr>\n<tr>\n<td><strong><span style=\"color: #000000;\">Sobradinho<\/span><\/strong><\/td>\n<\/tr>\n<tr>\n<td><strong><span style=\"color: #000000;\">Souto Soares<\/span><\/strong><\/td>\n<\/tr>\n<tr>\n<td><strong><span style=\"color: #000000;\">Tanquinho<\/span><\/strong><\/td>\n<\/tr>\n<tr>\n<td><strong><span style=\"color: #000000;\">Tapero\u00e1<\/span><\/strong><\/td>\n<\/tr>\n<tr>\n<td><strong><span style=\"color: #000000;\">Tapiramut\u00e1<\/span><\/strong><\/td>\n<\/tr>\n<tr>\n<td><strong><span style=\"color: #000000;\">Teodoro Sampaio<\/span><\/strong><\/td>\n<\/tr>\n<tr>\n<td><strong><span style=\"color: #000000;\">Teofil\u00e2ndia<\/span><\/strong><\/td>\n<\/tr>\n<tr>\n<td><strong><span style=\"color: #000000;\">Teol\u00e2ndia<\/span><\/strong><\/td>\n<\/tr>\n<tr>\n<td><strong><span style=\"color: #000000;\">Terra Nova<\/span><\/strong><\/td>\n<\/tr>\n<tr>\n<td><strong><span style=\"color: #000000;\">Tucano<\/span><\/strong><\/td>\n<\/tr>\n<tr>\n<td><strong><span style=\"color: #000000;\">Uau\u00e1<\/span><\/strong><\/td>\n<\/tr>\n<tr>\n<td><strong><span style=\"color: #000000;\">Uba\u00edra<\/span><\/strong><\/td>\n<\/tr>\n<tr>\n<td><strong><span style=\"color: #000000;\">Ubaitaba<\/span><\/strong><\/td>\n<\/tr>\n<tr>\n<td><strong><span style=\"color: #000000;\">Uiba\u00ed<\/span><\/strong><\/td>\n<\/tr>\n<tr>\n<td><strong><span style=\"color: #000000;\">Utinga<\/span><\/strong><\/td>\n<\/tr>\n<tr>\n<td><strong><span style=\"color: #000000;\">Valen\u00e7a<\/span><\/strong><\/td>\n<\/tr>\n<tr>\n<td><strong><span style=\"color: #000000;\">Valente<\/span><\/strong><\/td>\n<\/tr>\n<tr>\n<td><strong><span style=\"color: #000000;\">V\u00e1rzea da Ro\u00e7a<\/span><\/strong><\/td>\n<\/tr>\n<tr>\n<td><strong><span style=\"color: #000000;\">V\u00e1rzea do Po\u00e7o<\/span><\/strong><\/td>\n<\/tr>\n<tr>\n<td><strong><span style=\"color: #000000;\">Varzedo<\/span><\/strong><\/td>\n<\/tr>\n<tr>\n<td><strong><span style=\"color: #000000;\">Vera Cruz<\/span><\/strong><\/td>\n<\/tr>\n<tr>\n<td><strong><span style=\"color: #000000;\">Vit\u00f3ria da Conquista<\/span><\/strong><\/td>\n<\/tr>\n<tr>\n<td><strong><span style=\"color: #000000;\">Wagner<\/span><\/strong><\/td>\n<\/tr>\n<tr>\n<td><strong><span style=\"color: #000000;\">Wenceslau Guimar\u00e3es<\/span><\/strong><\/td>\n<\/tr>\n<tr>\n<td><strong><span style=\"color: #000000;\">Xique-Xique<\/span><\/strong><\/td>\n<\/tr>\n<\/tbody>\n<\/table>\n[\/vc_column_text][\/vc_column][\/vc_row]\n<\/div>","protected":false},"excerpt":{"rendered":"<p>[vc_row][vc_column][vc_empty_space][vc_custom_heading text=&#8221;Cidades Atendidas&#8221; font_container=&#8221;tag:h2|text_align:center|color:%23000000&#8243; use_theme_fonts=&#8221;yes&#8221;][vc_empty_space][vc_single_image image=&#8221;1575&#8243; img_size=&#8221;full&#8221; alignment=&#8221;center&#8221;][\/vc_column][\/vc_row][vc_row][vc_column width=&#8221;1\/3&#8243;][vc_column_text] Abar\u00e9 Acajutiba \u00c1gua Fria Alagoinhas Amargosa Am\u00e9lia Rodrigues Am\u00e9rica Dourada Andara\u00ed Andorinha Anguera Antas Ant\u00f4nio Gon\u00e7alves Apor\u00e1 Ara\u00e7as Araci Aramari Aurelino Leal Baixa Grande Banza\u00ea Barra Barra do Mendes Barro Alto Barrocas Biritinga Boa Vista do Tupim Boninal Bonito Brej\u00f5es Cabaceiras do Paragua\u00e7u Cachoeira Ca\u00e9m Cafarnaum [&hellip;]<\/p>\n","protected":false},"author":1,"featured_media":0,"parent":0,"menu_order":0,"comment_status":"closed","ping_status":"closed","template":"page-shortcode.php","meta":{"footnotes":""},"class_list":["post-1581","page","type-page","status-publish","hentry"],"_links":{"self":[{"href":"https:\/\/avancolog.com.br\/home\/wp-json\/wp\/v2\/pages\/1581","targetHints":{"allow":["GET"]}}],"collection":[{"href":"https:\/\/avancolog.com.br\/home\/wp-json\/wp\/v2\/pages"}],"about":[{"href":"https:\/\/avancolog.com.br\/home\/wp-json\/wp\/v2\/types\/page"}],"author":[{"embeddable":true,"href":"https:\/\/avancolog.com.br\/home\/wp-json\/wp\/v2\/users\/1"}],"replies":[{"embeddable":true,"href":"https:\/\/avancolog.com.br\/home\/wp-json\/wp\/v2\/comments?post=1581"}],"version-history":[{"count":7,"href":"https:\/\/avancolog.com.br\/home\/wp-json\/wp\/v2\/pages\/1581\/revisions"}],"predecessor-version":[{"id":1592,"href":"https:\/\/avancolog.com.br\/home\/wp-json\/wp\/v2\/pages\/1581\/revisions\/1592"}],"wp:attachment":[{"href":"https:\/\/avancolog.com.br\/home\/wp-json\/wp\/v2\/media?parent=1581"}],"curies":[{"name":"wp","href":"https:\/\/api.w.org\/{rel}","templated":true}]}}