{"id":198,"date":"2016-09-26T13:55:49","date_gmt":"2016-09-26T07:55:49","guid":{"rendered":"http:\/\/digitalcenturysf.com\/themes\/viktor\/wordpress\/?page_id=198"},"modified":"2024-07-04T13:44:47","modified_gmt":"2024-07-04T13:44:47","slug":"about","status":"publish","type":"page","link":"https:\/\/avancolog.com.br\/home\/about\/","title":{"rendered":"Quem Somos"},"content":{"rendered":"<div class=\"wpb-content-wrapper\">[vc_row][vc_column][vc_empty_space][\/vc_column][\/vc_row][vc_row css=&#8221;.vc_custom_1474877977697{padding-top: 10px !important;}&#8221;][vc_column width=&#8221;1\/4&#8243;][\/vc_column][vc_column width=&#8221;1\/2&#8243;][vc_empty_space][vc_column_text]\n<h2 style=\"text-align: center;\"><span style=\"color: #000000;\"><strong>QUEM SOMOS<\/strong><\/span><\/h2>\n<p style=\"text-align: center;\"><span style=\"color: #000000;\">A Avan\u00e7o Distribuidora est\u00e1 a 33 anos no mercado baiano atuando em cerca de 300 localidades no estado, com larga experi\u00eancia em distribui\u00e7\u00e3o e log\u00edstica. Valorizamos a parceria com nossos clientes e nosso time, nosso maior objetivo \u00e9 atend\u00ea-los com agilidade e cordialidade, sempre com efici\u00eancia e qualidade para que eles tenham bons neg\u00f3cios.<\/span><\/p>\n[\/vc_column_text][\/vc_column][vc_column width=&#8221;1\/4&#8243;][\/vc_column][\/vc_row][vc_row][vc_column width=&#8221;1\/4&#8243;][vc_single_image image=&#8221;1574&#8243; img_size=&#8221;full&#8221; alignment=&#8221;center&#8221;][vc_column_text]<span style=\"color: #000000;\">Desde 1990, ano em que a Avan\u00e7o Distribuidora foi fundada vem cumprindo o seu compromisso com seus fornecedores e clientes, oferecendo sempre o melhor servi\u00e7o em distribui\u00e7\u00e3o e log\u00edstica que a transformou em refer\u00eancia no estado da Bahia, uma empresa que cresce cada vez mais e hoje atende mais de 300 munic\u00edpios, distribuidora de marcas exclusivas, possui uma carteira com mais de 6.000 clientes.<\/span>[\/vc_column_text][\/vc_column][vc_column width=&#8221;1\/4&#8243;][vc_single_image image=&#8221;1573&#8243; img_size=&#8221;full&#8221; alignment=&#8221;center&#8221;][vc_column_text]<span style=\"color: #000000;\">O centro de distribui\u00e7\u00e3o da Avan\u00e7o foi projetado para atender de forma eficiente o mercado, s\u00e3o 40.000 m\u00b2, sendo 5.560 m\u00b2 de \u00e1rea constru\u00edda com capacidade de armazenamento de mais de 10.000 posi\u00e7\u00f5es palets, sempre investindo em equipamentos de \u00faltima gera\u00e7\u00e3o, a Avan\u00e7o adquiriu o que existe de mais moderno em solu\u00e7\u00f5es voltadas a armazenagem e distribui\u00e7\u00e3o.<\/span><br \/>\n<span style=\"color: #000000;\">Com sistema de gerenciamento operacional de todas as atividades relacionadas como armazenagem, invent\u00e1rio, recebimento de materiais, separa\u00e7\u00e3o de pedidos, transfer\u00eancia de estoques, al\u00e9m do monitoramento da equipe que \u00e9 feito em tempo real possibilitando o gerenciamento mais eficaz dos recursos humanos.<\/span><br \/>\n<span style=\"color: #000000;\">Para otimizar ainda mais suas atividades a Avan\u00e7o possui uma frota pr\u00f3pria com mais de 30 ve\u00edculos, garantindo cumprimento nos prazos de entrega com toda seguran\u00e7a.<\/span>[\/vc_column_text][\/vc_column][vc_column width=&#8221;1\/4&#8243;][vc_single_image image=&#8221;1572&#8243; img_size=&#8221;full&#8221; alignment=&#8221;center&#8221;][vc_column_text]<span style=\"color: #000000;\">O crescimento da Avan\u00e7o Distribuidora \u00e9 pautado no ser humano, seus colaboradores s\u00e3o a base dessa empresa que investe na forma\u00e7\u00e3o, seguran\u00e7a e na capacita\u00e7\u00e3o constante de uma equipe formada por 259 funcion\u00e1rios diretos e mais de 80 vendedores, por ter a fam\u00edlia como base estrutural, busca integrar sua equipe em atividades que refor\u00e7a os la\u00e7os de amizade e coopera\u00e7\u00e3o, e o resultado s\u00e3o profissionais motivados e comprometidos em torno dos objetivos da empresa.<\/span>[\/vc_column_text][\/vc_column][vc_column width=&#8221;1\/4&#8243;][vc_single_image image=&#8221;2063&#8243; img_size=&#8221;full&#8221; alignment=&#8221;center&#8221;][vc_column_text]<span style=\"color: #000000;\">A MAX \u00e9 fruto de um grande sonho da Avan\u00e7o&#8230;<\/span><br \/>\n<span style=\"color: #000000;\">Seu grande lan\u00e7amento foi em Junho de 2023.<\/span><br \/>\n<span style=\"color: #000000;\">\u201cNossa marca foi desenvolvida com muito carinho, pensando nas necessidades das donas de casa!<\/span><br \/>\n<span style=\"color: #000000;\">MAX \u00e9 um produto de excel\u00eancia, que busca lideran\u00e7a no mercado, mas que tem um valor agregado que cabe no bolso do consumidor.\u201d<\/span><\/p>\n<p><span style=\"color: #000000;\">MAX \u00e9 a Mais, Mais&#8230; Queridinha das Donas de Casa!<\/span>[\/vc_column_text][\/vc_column][\/vc_row][vc_row full_width=&#8221;stretch_row_content_no_spaces&#8221; css=&#8221;.vc_custom_1474878119668{background-color: #f8f8f8 !important;}&#8221;][vc_column width=&#8221;1\/4&#8243;][\/vc_column][vc_column width=&#8221;1\/2&#8243;][vc_empty_space][vc_column_text]\n<h2 style=\"text-align: center;\"><a href=\"http:\/\/avancolog.com.br\/home\/cidades-atendidas-2\/\"><span style=\"color: #000000;\"><strong>Nossa Equipe<\/strong><\/span><\/a><\/h2>\n<p><img decoding=\"async\" class=\"size-full wp-image-1602 aligncenter\" src=\"http:\/\/avancolog.com.br\/home\/wp-content\/uploads\/2016\/09\/linha.png\" alt=\"\" width=\"96\" height=\"2\" srcset=\"https:\/\/avancolog.com.br\/home\/wp-content\/uploads\/2016\/09\/linha.png 96w, https:\/\/avancolog.com.br\/home\/wp-content\/uploads\/2016\/09\/linha-70x2.png 70w\" sizes=\"(max-width: 96px) 100vw, 96px\" \/><\/p>\n<p style=\"text-align: center;\"><span style=\"color: #000000;\">A Avan\u00e7o Distribuidora tem orgulho de possuir uma equipe de colaboradores realmente comprometidos com o sucesso de todos os nossos clientes.<\/span><\/p>\n[\/vc_column_text][vc_empty_space][\/vc_column][vc_column width=&#8221;1\/4&#8243;][\/vc_column][\/vc_row][vc_row][vc_column][vc_empty_space][\/vc_column][\/vc_row][vc_row][vc_column width=&#8221;1\/3&#8243; css=&#8221;.vc_custom_1671136979445{margin-right: 10px !important;border-right-width: 10px !important;padding-right: 10px !important;}&#8221;][vc_custom_heading text=&#8221;Nossa Miss\u00e3o&#8221; font_container=&#8221;tag:h4|text_align:center|color:%23ffffff|line_height:3&#8243; use_theme_fonts=&#8221;yes&#8221; css=&#8221;.vc_custom_1671136941546{background-color: #1e73be !important;}&#8221;][vc_empty_space height=&#8221;5&#8243;][vc_column_text css=&#8221;.vc_custom_1671137087874{margin-top: -10px !important;border-top-width: -10px !important;padding-top: -10px !important;}&#8221;]Prestar um servi\u00e7o confi\u00e1vel de alta qualidade, pensando sempre em ser o melhor. Atendendo \u00e0s necessidades dos nossos clientes e consumidores deixando-os satisfeitos.[\/vc_column_text][\/vc_column][vc_column width=&#8221;1\/3&#8243;][vc_custom_heading text=&#8221;Nossa Vis\u00e3o&#8221; font_container=&#8221;tag:h4|text_align:center|color:%23ffffff|line_height:3&#8243; use_theme_fonts=&#8221;yes&#8221; css=&#8221;.vc_custom_1671137011512{margin-right: 10px !important;border-right-width: 10px !important;padding-right: 10px !important;background-color: #1e73be !important;}&#8221;][vc_empty_space height=&#8221;5&#8243;][vc_column_text css=&#8221;.vc_custom_1671137164390{margin-top: -10px !important;border-top-width: -10px !important;padding-top: -10px !important;}&#8221;]Avan\u00e7ar a cada dia na excel\u00eancia dos nossos servi\u00e7os prestados no mercado. Nos tornando l\u00edder em distribui\u00e7\u00e3o exclusiva, sendo assim, motivo de muito orgulho para nossos parceiros, funcion\u00e1rios e clientes.[\/vc_column_text][\/vc_column][vc_column width=&#8221;1\/3&#8243;][vc_custom_heading text=&#8221;Nossos Valores&#8221; font_container=&#8221;tag:h4|text_align:center|color:%23ffffff|line_height:3&#8243; use_theme_fonts=&#8221;yes&#8221; css=&#8221;.vc_custom_1671137036063{background-color: #1e73be !important;}&#8221;][vc_empty_space height=&#8221;5&#8243;][vc_column_text css=&#8221;.vc_custom_1671137176689{margin-top: -10px !important;border-top-width: -10px !important;padding-top: -10px !important;}&#8221;]Respeito, integridade, simplicidade, trabalho em equipe, confiabilidade, profissionalismo, efic\u00e1cia e amor pelo que faz.[\/vc_column_text][\/vc_column][\/vc_row]\n<\/div>","protected":false},"excerpt":{"rendered":"<p>[vc_row][vc_column][vc_empty_space][\/vc_column][\/vc_row][vc_row css=&#8221;.vc_custom_1474877977697{padding-top: 10px !important;}&#8221;][vc_column width=&#8221;1\/4&#8243;][\/vc_column][vc_column width=&#8221;1\/2&#8243;][vc_empty_space][vc_column_text] QUEM SOMOS A Avan\u00e7o Distribuidora est\u00e1 a 33 anos no mercado baiano atuando em cerca de 300 localidades no estado, com larga experi\u00eancia em distribui\u00e7\u00e3o e log\u00edstica. Valorizamos a parceria com nossos clientes e nosso time, nosso maior objetivo \u00e9 atend\u00ea-los com agilidade e cordialidade, sempre com efici\u00eancia e [&hellip;]<\/p>\n","protected":false},"author":1,"featured_media":0,"parent":0,"menu_order":0,"comment_status":"closed","ping_status":"closed","template":"page-shortcode.php","meta":{"footnotes":""},"class_list":["post-198","page","type-page","status-publish","hentry"],"_links":{"self":[{"href":"https:\/\/avancolog.com.br\/home\/wp-json\/wp\/v2\/pages\/198","targetHints":{"allow":["GET"]}}],"collection":[{"href":"https:\/\/avancolog.com.br\/home\/wp-json\/wp\/v2\/pages"}],"about":[{"href":"https:\/\/avancolog.com.br\/home\/wp-json\/wp\/v2\/types\/page"}],"author":[{"embeddable":true,"href":"https:\/\/avancolog.com.br\/home\/wp-json\/wp\/v2\/users\/1"}],"replies":[{"embeddable":true,"href":"https:\/\/avancolog.com.br\/home\/wp-json\/wp\/v2\/comments?post=198"}],"version-history":[{"count":39,"href":"https:\/\/avancolog.com.br\/home\/wp-json\/wp\/v2\/pages\/198\/revisions"}],"predecessor-version":[{"id":2110,"href":"https:\/\/avancolog.com.br\/home\/wp-json\/wp\/v2\/pages\/198\/revisions\/2110"}],"wp:attachment":[{"href":"https:\/\/avancolog.com.br\/home\/wp-json\/wp\/v2\/media?parent=198"}],"curies":[{"name":"wp","href":"https:\/\/api.w.org\/{rel}","templated":true}]}}