{"id":2049,"date":"2023-07-21T20:34:27","date_gmt":"2023-07-21T20:34:27","guid":{"rendered":"http:\/\/avancolog.com.br\/home\/?page_id=2049"},"modified":"2023-07-26T14:55:14","modified_gmt":"2023-07-26T14:55:14","slug":"max","status":"publish","type":"page","link":"https:\/\/avancolog.com.br\/home\/max\/","title":{"rendered":"Max"},"content":{"rendered":"<div class=\"wpb-content-wrapper\">[vc_row][vc_column width=&#8221;1\/2&#8243;][vc_column_text]\n<h2><span style=\"color: #3366ff;\"><em>Conhe\u00e7a agora a Mais, Mais queridinha das Donas de Casa!<\/em><\/span><\/h2>\n<p>A MAX \u00e9 fruto de um grande sonho da Avan\u00e7o&#8230;<br \/>\nEla foi desenvolvida com muito carinho, pensando no consumidor, nas necessidades das donas de casa! MAX \u00e9 um produto de excel\u00eancia, que busca lideran\u00e7a no mercado, mas que tem um valor agregado que cabe no bolso do consumidor.<br \/>\nMAX \u00e9 a Mais, Mais&#8230; A queridinha da Dona de Casa![\/vc_column_text][\/vc_column][vc_column width=&#8221;1\/2&#8243;][vc_video link=&#8221;https:\/\/www.youtube.com\/watch?v=dg9SZC_f_8c&#8221;][\/vc_column][\/vc_row][vc_row][vc_column][vc_single_image image=&#8221;2047&#8243; img_size=&#8221;full&#8221; alignment=&#8221;center&#8221;][\/vc_column][\/vc_row]\n<\/div>","protected":false},"excerpt":{"rendered":"<p>[vc_row][vc_column width=&#8221;1\/2&#8243;][vc_column_text] Conhe\u00e7a agora a Mais, Mais queridinha das Donas de Casa! A MAX \u00e9 fruto de um grande sonho da Avan\u00e7o&#8230; Ela foi desenvolvida com muito carinho, pensando no consumidor, nas necessidades das donas de casa! MAX \u00e9 um produto de excel\u00eancia, que busca lideran\u00e7a no mercado, mas que tem um valor agregado que [&hellip;]<\/p>\n","protected":false},"author":1,"featured_media":0,"parent":0,"menu_order":0,"comment_status":"closed","ping_status":"closed","template":"","meta":{"footnotes":""},"class_list":["post-2049","page","type-page","status-publish","hentry"],"_links":{"self":[{"href":"https:\/\/avancolog.com.br\/home\/wp-json\/wp\/v2\/pages\/2049","targetHints":{"allow":["GET"]}}],"collection":[{"href":"https:\/\/avancolog.com.br\/home\/wp-json\/wp\/v2\/pages"}],"about":[{"href":"https:\/\/avancolog.com.br\/home\/wp-json\/wp\/v2\/types\/page"}],"author":[{"embeddable":true,"href":"https:\/\/avancolog.com.br\/home\/wp-json\/wp\/v2\/users\/1"}],"replies":[{"embeddable":true,"href":"https:\/\/avancolog.com.br\/home\/wp-json\/wp\/v2\/comments?post=2049"}],"version-history":[{"count":4,"href":"https:\/\/avancolog.com.br\/home\/wp-json\/wp\/v2\/pages\/2049\/revisions"}],"predecessor-version":[{"id":2059,"href":"https:\/\/avancolog.com.br\/home\/wp-json\/wp\/v2\/pages\/2049\/revisions\/2059"}],"wp:attachment":[{"href":"https:\/\/avancolog.com.br\/home\/wp-json\/wp\/v2\/media?parent=2049"}],"curies":[{"name":"wp","href":"https:\/\/api.w.org\/{rel}","templated":true}]}}