{"id":543,"date":"2017-12-27T11:43:41","date_gmt":"2017-12-27T11:43:41","guid":{"rendered":"http:\/\/avancolog.com.br\/home\/?page_id=543"},"modified":"2022-07-04T11:37:44","modified_gmt":"2022-07-04T11:37:44","slug":"fale-conosco-faturamento","status":"publish","type":"page","link":"https:\/\/avancolog.com.br\/home\/fale-conosco-faturamento\/","title":{"rendered":"Fale Conosco &#8211; Faturamento"},"content":{"rendered":"<div class=\"wpb-content-wrapper\">[vc_row css=&#8221;.vc_custom_1475040479447{padding-top: 50px !important;}&#8221;][vc_column] \n\n\n\n  <div class=\"contact col-lg-12 col-md-12 col-sm-12 col-xs-12\">\n\n    <div class=\"contact-us-page\">\n\n        <h2>Informa\u00e7\u00f5es de contato<\/h2>\n\n        <p>H\u00e1 30 anos no mercado baiano atuando nos seguimentos de Atacado, Supermercado, Mercadinho, Farm\u00e1cia, Loja de Conveni\u00eancia, Material de Constru\u00e7\u00e3o entre outros, chegando a atender cerca de 300 localidades no estado, acumulamos larga experi\u00eancia em distribui\u00e7\u00e3o e logistica da Bahia.<\/p>\n\n    <\/div>\n\n  <\/div>\n\n\n\n[\/vc_column][\/vc_row][vc_row el_class=&#8221;contact mid-contain&#8221;][vc_column width=&#8221;1\/3&#8243;] \n\n \n\n     <div class=\"contact-box\">\n\n         <div class=\"single-contact-box\">\n\n             <p><i class=\"fa fa-map-marker\" aria-hidden=\"true\"><\/i>BR 116 NORTE, KM 07 N\u00ba 2222<br \/>\nDistrito de Matinha - Novo Horizonte<br \/>\nFeira de Santana BA<\/p>\n\n         <\/div>\n\n     <\/div> \n\n\n\n[\/vc_column][vc_column width=&#8221;1\/3&#8243;] \n\n \n\n     <div class=\"contact-box\">\n\n         <div class=\"single-contact-box\">\n\n             <p><i class=\"fa fa-envelope-o\" aria-hidden=\"true\"><\/i>faturamento@avancolog.com.br<\/p>\n\n         <\/div>\n\n     <\/div> \n\n\n\n[\/vc_column][vc_column width=&#8221;1\/3&#8243; el_class=&#8221;bdrn&#8221;] \n\n \n\n     <div class=\"contact-box\">\n\n         <div class=\"single-contact-box\">\n\n             <p><i class=\"fa fa-phone\" aria-hidden=\"true\"><\/i>(75) 2102-7246<\/p>\n\n         <\/div>\n\n     <\/div> \n\n\n\n[\/vc_column][\/vc_row][vc_row el_class=&#8221;contact mid-contain&#8221; css=&#8221;.vc_custom_1475041051732{padding-bottom: 20px !important;}&#8221;][vc_column] \n\n   <div class=\"row\">\n\n  <div class=\"col-lg-9 col-md-9 col-sm-12 col-xs-12\">\n\n  <div class=\"leave-comments-area\">\n\n    <h4>Preencha o formul\u00e1rio<\/h4>\n\n  \n\n   <div class=\"row\">\n\n    \n<div class=\"wpcf7 no-js\" id=\"wpcf7-f546-o1\" lang=\"en-US\" dir=\"ltr\" data-wpcf7-id=\"546\">\n<div class=\"screen-reader-response\"><p role=\"status\" aria-live=\"polite\" aria-atomic=\"true\"><\/p> <ul><\/ul><\/div>\n<form action=\"\/home\/wp-json\/wp\/v2\/pages\/543#wpcf7-f546-o1\" method=\"post\" class=\"wpcf7-form init\" aria-label=\"Contact form\" novalidate=\"novalidate\" data-status=\"init\">\n<div style=\"display: none;\">\n<input type=\"hidden\" name=\"_wpcf7\" value=\"546\" \/>\n<input type=\"hidden\" name=\"_wpcf7_version\" value=\"6.0.6\" \/>\n<input type=\"hidden\" name=\"_wpcf7_locale\" value=\"en_US\" \/>\n<input type=\"hidden\" name=\"_wpcf7_unit_tag\" value=\"wpcf7-f546-o1\" \/>\n<input type=\"hidden\" name=\"_wpcf7_container_post\" value=\"0\" \/>\n<input type=\"hidden\" name=\"_wpcf7_posted_data_hash\" value=\"\" \/>\n<\/div>\n<fieldset>\n\t<div class=\"col-sm-6\">\n\t\t<div class=\"form-group\">\n\t\t\t<p><span class=\"wpcf7-form-control-wrap\" data-name=\"nome\"><input size=\"40\" maxlength=\"400\" class=\"wpcf7-form-control wpcf7-text wpcf7-validates-as-required form-control\" aria-required=\"true\" aria-invalid=\"false\" placeholder=\"Nome\" value=\"\" type=\"text\" name=\"nome\" \/><\/span>\n\t\t\t<\/p>\n\t\t<\/div>\n\t<\/div>\n\t<div class=\"col-sm-6\">\n\t\t<div class=\"form-group\">\n\t\t\t<p><span class=\"wpcf7-form-control-wrap\" data-name=\"email\"><input size=\"40\" maxlength=\"400\" class=\"wpcf7-form-control wpcf7-email wpcf7-validates-as-required wpcf7-text wpcf7-validates-as-email form-control\" aria-required=\"true\" aria-invalid=\"false\" placeholder=\"Email\" value=\"\" type=\"email\" name=\"email\" \/><\/span>\n\t\t\t<\/p>\n\t\t<\/div>\n\t<\/div>\n\t<div class=\"col-sm-12\">\n\t\t<div class=\"form-group\">\n\t\t\t<p><span class=\"wpcf7-form-control-wrap\" data-name=\"message\"><textarea cols=\"40\" rows=\"10\" maxlength=\"2000\" class=\"wpcf7-form-control wpcf7-textarea wpcf7-validates-as-required textarea form-control\" aria-required=\"true\" aria-invalid=\"false\" placeholder=\"Mensagem\" name=\"message\"><\/textarea><\/span>\n\t\t\t<\/p>\n\t\t<\/div>\n\t<\/div>\n\t<div class=\"col-sm-12\">\n\t\t<div class=\"form-group\">\n\t\t\t<p><input class=\"wpcf7-form-control wpcf7-submit has-spinner btn-send\" type=\"submit\" value=\"Enviar mensagem\" \/>\n\t\t\t<\/p>\n\t\t<\/div>\n\t<\/div>\n<\/fieldset><div class=\"wpcf7-response-output\" aria-hidden=\"true\"><\/div>\n<\/form>\n<\/div>\n\n   <\/div>\n\n   <\/div>\n\n   \n\n  <\/div>\n\n  <\/div>\n\n\n\n[\/vc_column][\/vc_row]\n<\/div>","protected":false},"excerpt":{"rendered":"<p>[vc_row css=&#8221;.vc_custom_1475040479447{padding-top: 50px !important;}&#8221;][vc_column][\/vc_column][\/vc_row][vc_row el_class=&#8221;contact mid-contain&#8221;][vc_column width=&#8221;1\/3&#8243;][\/vc_column][vc_column width=&#8221;1\/3&#8243;][\/vc_column][vc_column width=&#8221;1\/3&#8243; el_class=&#8221;bdrn&#8221;][\/vc_column][\/vc_row][vc_row el_class=&#8221;contact mid-contain&#8221; css=&#8221;.vc_custom_1475041051732{padding-bottom: 20px !important;}&#8221;][vc_column][\/vc_column][\/vc_row]<\/p>\n","protected":false},"author":1,"featured_media":0,"parent":0,"menu_order":0,"comment_status":"closed","ping_status":"closed","template":"page-shortcode.php","meta":{"footnotes":""},"class_list":["post-543","page","type-page","status-publish","hentry"],"_links":{"self":[{"href":"https:\/\/avancolog.com.br\/home\/wp-json\/wp\/v2\/pages\/543","targetHints":{"allow":["GET"]}}],"collection":[{"href":"https:\/\/avancolog.com.br\/home\/wp-json\/wp\/v2\/pages"}],"about":[{"href":"https:\/\/avancolog.com.br\/home\/wp-json\/wp\/v2\/types\/page"}],"author":[{"embeddable":true,"href":"https:\/\/avancolog.com.br\/home\/wp-json\/wp\/v2\/users\/1"}],"replies":[{"embeddable":true,"href":"https:\/\/avancolog.com.br\/home\/wp-json\/wp\/v2\/comments?post=543"}],"version-history":[{"count":6,"href":"https:\/\/avancolog.com.br\/home\/wp-json\/wp\/v2\/pages\/543\/revisions"}],"predecessor-version":[{"id":1629,"href":"https:\/\/avancolog.com.br\/home\/wp-json\/wp\/v2\/pages\/543\/revisions\/1629"}],"wp:attachment":[{"href":"https:\/\/avancolog.com.br\/home\/wp-json\/wp\/v2\/media?parent=543"}],"curies":[{"name":"wp","href":"https:\/\/api.w.org\/{rel}","templated":true}]}}