{"id":667,"date":"2019-05-09T12:30:00","date_gmt":"2019-05-09T12:30:00","guid":{"rendered":"http:\/\/avancolog.com.br\/home\/?page_id=667"},"modified":"2023-06-05T19:05:22","modified_gmt":"2023-06-05T19:05:22","slug":"asa","status":"publish","type":"page","link":"https:\/\/avancolog.com.br\/home\/asa\/","title":{"rendered":"Asa-Palmeiron"},"content":{"rendered":"<div class=\"wpb-content-wrapper\">[vc_row][vc_column][vc_custom_heading text=&#8221;ASA&#8221; font_container=&#8221;tag:h1|text_align:left|color:%23000000&#8243; use_theme_fonts=&#8221;yes&#8221;][vc_column_text]\n<h4 class=\"mb-4\">TODA CASA TEM ASA. DESDE 1996.<\/h4>\n<p class=\"mb-4\">A ASA \u00e9 respons\u00e1vel pela produ\u00e7\u00e3o de marcas que s\u00e3o lideres em suas categorias e chegam na casa de milhares de fam\u00edlias. Mas essa hist\u00f3ria n\u00e3o \u00e9 de hoje.<\/p>\n<p>A hist\u00f3ria da ASA come\u00e7ou l\u00e1 em 1996, com o in\u00edcio da produ\u00e7\u00e3o do sab\u00e3o em barra Bem \u2013 te \u2013 vi e do sab\u00e3o em p\u00f3 Invicto.<\/p>\n<p>Pouco tempo depois, nos anos 2000, tivemos o lan\u00e7amento das fraldas Baby&amp;Baby e realizamos a aquisi\u00e7\u00e3o das f\u00e1bricas Palmeiron de Vitamilho, diversificando nosso portfolio de produtos e chegando cada vez mais perto dos nossos clientes.[\/vc_column_text][\/vc_column][\/vc_row][vc_row][vc_column width=&#8221;1\/4&#8243;][vc_gallery interval=&#8221;3&#8243; images=&#8221;2027,2028,2029,2030,2031,2032,2033,2034,2035,2036,2037&#8243; img_size=&#8221;full&#8221;][\/vc_column][vc_column width=&#8221;1\/4&#8243;][vc_gallery interval=&#8221;3&#8243; images=&#8221;2038,2039,2040&#8243; img_size=&#8221;full&#8221;][\/vc_column][vc_column width=&#8221;1\/4&#8243;][vc_gallery interval=&#8221;3&#8243; images=&#8221;2005,2006,2007,2008,2009,2010,2011,2012&#8243; img_size=&#8221;full&#8221;][\/vc_column][vc_column width=&#8221;1\/4&#8243;][vc_gallery interval=&#8221;3&#8243; images=&#8221;2016,2017,2018,2019,2020,2021,2022,2023,2024,2025,2026&#8243; img_size=&#8221;full&#8221;][\/vc_column][\/vc_row][vc_row][vc_column width=&#8221;1\/4&#8243;][vc_gallery interval=&#8221;3&#8243; images=&#8221;2004&#8243; img_size=&#8221;full&#8221;][\/vc_column][vc_column width=&#8221;1\/4&#8243;][vc_gallery interval=&#8221;3&#8243; images=&#8221;2013,2014,2015&#8243; img_size=&#8221;full&#8221;][\/vc_column][vc_column width=&#8221;1\/4&#8243;][\/vc_column][vc_column width=&#8221;1\/4&#8243;][\/vc_column][\/vc_row]\n<\/div>","protected":false},"excerpt":{"rendered":"<p>[vc_row][vc_column][vc_custom_heading text=&#8221;ASA&#8221; font_container=&#8221;tag:h1|text_align:left|color:%23000000&#8243; use_theme_fonts=&#8221;yes&#8221;][vc_column_text] TODA CASA TEM ASA. DESDE 1996. A ASA \u00e9 respons\u00e1vel pela produ\u00e7\u00e3o de marcas que s\u00e3o lideres em suas categorias e chegam na casa de milhares de fam\u00edlias. Mas essa hist\u00f3ria n\u00e3o \u00e9 de hoje. A hist\u00f3ria da ASA come\u00e7ou l\u00e1 em 1996, com o in\u00edcio da produ\u00e7\u00e3o do sab\u00e3o em [&hellip;]<\/p>\n","protected":false},"author":1,"featured_media":0,"parent":0,"menu_order":0,"comment_status":"closed","ping_status":"closed","template":"","meta":{"footnotes":""},"class_list":["post-667","page","type-page","status-publish","hentry"],"_links":{"self":[{"href":"https:\/\/avancolog.com.br\/home\/wp-json\/wp\/v2\/pages\/667","targetHints":{"allow":["GET"]}}],"collection":[{"href":"https:\/\/avancolog.com.br\/home\/wp-json\/wp\/v2\/pages"}],"about":[{"href":"https:\/\/avancolog.com.br\/home\/wp-json\/wp\/v2\/types\/page"}],"author":[{"embeddable":true,"href":"https:\/\/avancolog.com.br\/home\/wp-json\/wp\/v2\/users\/1"}],"replies":[{"embeddable":true,"href":"https:\/\/avancolog.com.br\/home\/wp-json\/wp\/v2\/comments?post=667"}],"version-history":[{"count":11,"href":"https:\/\/avancolog.com.br\/home\/wp-json\/wp\/v2\/pages\/667\/revisions"}],"predecessor-version":[{"id":2045,"href":"https:\/\/avancolog.com.br\/home\/wp-json\/wp\/v2\/pages\/667\/revisions\/2045"}],"wp:attachment":[{"href":"https:\/\/avancolog.com.br\/home\/wp-json\/wp\/v2\/media?parent=667"}],"curies":[{"name":"wp","href":"https:\/\/api.w.org\/{rel}","templated":true}]}}