{"id":672,"date":"2019-05-09T12:31:52","date_gmt":"2019-05-09T12:31:52","guid":{"rendered":"http:\/\/avancolog.com.br\/home\/?page_id=672"},"modified":"2023-02-10T13:07:39","modified_gmt":"2023-02-10T13:07:39","slug":"condor","status":"publish","type":"page","link":"https:\/\/avancolog.com.br\/home\/condor\/","title":{"rendered":"Condor"},"content":{"rendered":"<div class=\"wpb-content-wrapper\">[vc_row][vc_column][vc_custom_heading text=&#8221;Condor&#8221; font_container=&#8221;tag:h1|text_align:left|color:%23000000&#8243; use_theme_fonts=&#8221;yes&#8221;][vc_column_text]No ano de 1902, desembarca em Santa Catarina o imigrante alem\u00e3o Augusto Em\u00edlio Klimmek. Com 250 contos de r\u00e9is no bolso em uma mala cheia de sonhos, ele trabalha muito at\u00e9 fundar em 1929, na cidade de S\u00e3o Bento do Sul, uma f\u00e1brica de escovas.<\/p>\n<p>Com o sonho de ver seus produtos em todos os lares do Brasil, pa\u00eds que escolheu para viver, ele se inspira na maior ave voadora do mundo para batizar sua marca: O condor. E assim como esta grandiosa ave do Andes, seus produtos voariam alto e longe, e tornariam a vida das pessoas mais pr\u00e1ticas<\/p>\n<p>E seu sonho se tornou realidade! Hoje a Condor \u00e9 a maior f\u00e1brica de escovas da Am\u00e9rica Latina \u2013 presente em todo o Brasil e em mais de 30 outros pa\u00edses. Emprega mais de 1200 colaboradores que trabalham com muito orgulho na fabrica\u00e7\u00e3o dos mais de 1500 utens\u00edlios e acess\u00f3rios para os cuidados pessoais e com o lar. Certamente voc\u00ea j\u00e1 tem um destes produtos na sua casa. Pode conferir![\/vc_column_text][\/vc_column][\/vc_row][vc_row][vc_column width=&#8221;1\/4&#8243;][vc_gallery interval=&#8221;3&#8243; images=&#8221;1909,1910,1911,1912,1913,1914,1915,1916,1917,1918,1919,1920&#8243; img_size=&#8221;full&#8221;][\/vc_column][vc_column width=&#8221;1\/4&#8243;][vc_gallery interval=&#8221;3&#8243; images=&#8221;1921,1922&#8243; img_size=&#8221;full&#8221;][\/vc_column][vc_column width=&#8221;1\/4&#8243;][vc_gallery interval=&#8221;3&#8243; images=&#8221;1918,1923,1924,1925,1926,1927,1928&#8243; img_size=&#8221;full&#8221;][\/vc_column][vc_column width=&#8221;1\/4&#8243;][vc_gallery interval=&#8221;3&#8243; images=&#8221;1929,1930,1931,1932,1933,1934,1935,1936,1937,1938,1939&#8243; img_size=&#8221;full&#8221;][\/vc_column][\/vc_row]\n<\/div>","protected":false},"excerpt":{"rendered":"<p>[vc_row][vc_column][vc_custom_heading text=&#8221;Condor&#8221; font_container=&#8221;tag:h1|text_align:left|color:%23000000&#8243; use_theme_fonts=&#8221;yes&#8221;][vc_column_text]No ano de 1902, desembarca em Santa Catarina o imigrante alem\u00e3o Augusto Em\u00edlio Klimmek. Com 250 contos de r\u00e9is no bolso em uma mala cheia de sonhos, ele trabalha muito at\u00e9 fundar em 1929, na cidade de S\u00e3o Bento do Sul, uma f\u00e1brica de escovas. Com o sonho de ver seus produtos [&hellip;]<\/p>\n","protected":false},"author":1,"featured_media":0,"parent":0,"menu_order":0,"comment_status":"closed","ping_status":"closed","template":"","meta":{"footnotes":""},"class_list":["post-672","page","type-page","status-publish","hentry"],"_links":{"self":[{"href":"https:\/\/avancolog.com.br\/home\/wp-json\/wp\/v2\/pages\/672","targetHints":{"allow":["GET"]}}],"collection":[{"href":"https:\/\/avancolog.com.br\/home\/wp-json\/wp\/v2\/pages"}],"about":[{"href":"https:\/\/avancolog.com.br\/home\/wp-json\/wp\/v2\/types\/page"}],"author":[{"embeddable":true,"href":"https:\/\/avancolog.com.br\/home\/wp-json\/wp\/v2\/users\/1"}],"replies":[{"embeddable":true,"href":"https:\/\/avancolog.com.br\/home\/wp-json\/wp\/v2\/comments?post=672"}],"version-history":[{"count":7,"href":"https:\/\/avancolog.com.br\/home\/wp-json\/wp\/v2\/pages\/672\/revisions"}],"predecessor-version":[{"id":1940,"href":"https:\/\/avancolog.com.br\/home\/wp-json\/wp\/v2\/pages\/672\/revisions\/1940"}],"wp:attachment":[{"href":"https:\/\/avancolog.com.br\/home\/wp-json\/wp\/v2\/media?parent=672"}],"curies":[{"name":"wp","href":"https:\/\/api.w.org\/{rel}","templated":true}]}}