{"id":677,"date":"2019-05-09T12:32:26","date_gmt":"2019-05-09T12:32:26","guid":{"rendered":"http:\/\/avancolog.com.br\/home\/?page_id=677"},"modified":"2023-04-27T18:41:31","modified_gmt":"2023-04-27T18:41:31","slug":"henkel","status":"publish","type":"page","link":"https:\/\/avancolog.com.br\/home\/henkel\/","title":{"rendered":"Henkel"},"content":{"rendered":"<div class=\"wpb-content-wrapper\">[vc_row][vc_column][vc_custom_heading text=&#8221;Henkel&#8221; font_container=&#8221;tag:h1|text_align:left|color:%23000000&#8243; use_theme_fonts=&#8221;yes&#8221;][vc_column_text]\n<p style=\"font-weight: 400;\">Henkel \u00e9 uma empresa alem\u00e3, opera no mundo todo com marcas e tecnologias de ponta que tem mais de 140 anos de sucesso.<br \/>\nNo in\u00edcio da hist\u00f3ria da empresa, em 1876, encontram um comerciante de 28 anos que se interessava por ci\u00eancia &#8211; Fritz Henkel. Em 26 de setembro de 1876, ele e dois s\u00f3cios fundaram a empresa Henkel &amp; Cie em Aachen e comercializaram seu primeiro produto, um sab\u00e3o universal baseado em silicato. Durante os anos seguintes, essa fam\u00edlia alem\u00e3 de empreendedores e milhares de seus colaboradores transformaram a Henkel em uma empresa global.<\/p>\n[\/vc_column_text][\/vc_column][\/vc_row][vc_row][vc_column width=&#8221;1\/3&#8243;][vc_gallery interval=&#8221;3&#8243; images=&#8221;1994,1995,1996,1997,1998&#8243; img_size=&#8221;full&#8221;][\/vc_column][vc_column width=&#8221;1\/3&#8243;][vc_gallery interval=&#8221;3&#8243; images=&#8221;1999,2000&#8243; img_size=&#8221;full&#8221;][\/vc_column][vc_column width=&#8221;1\/3&#8243;][vc_gallery interval=&#8221;3&#8243; images=&#8221;2001&#8243; img_size=&#8221;full&#8221;][\/vc_column][\/vc_row]\n<\/div>","protected":false},"excerpt":{"rendered":"<p>[vc_row][vc_column][vc_custom_heading text=&#8221;Henkel&#8221; font_container=&#8221;tag:h1|text_align:left|color:%23000000&#8243; use_theme_fonts=&#8221;yes&#8221;][vc_column_text] Henkel \u00e9 uma empresa alem\u00e3, opera no mundo todo com marcas e tecnologias de ponta que tem mais de 140 anos de sucesso. No in\u00edcio da hist\u00f3ria da empresa, em 1876, encontram um comerciante de 28 anos que se interessava por ci\u00eancia &#8211; Fritz Henkel. Em 26 de setembro de 1876, [&hellip;]<\/p>\n","protected":false},"author":1,"featured_media":0,"parent":0,"menu_order":0,"comment_status":"closed","ping_status":"closed","template":"","meta":{"footnotes":""},"class_list":["post-677","page","type-page","status-publish","hentry"],"_links":{"self":[{"href":"https:\/\/avancolog.com.br\/home\/wp-json\/wp\/v2\/pages\/677","targetHints":{"allow":["GET"]}}],"collection":[{"href":"https:\/\/avancolog.com.br\/home\/wp-json\/wp\/v2\/pages"}],"about":[{"href":"https:\/\/avancolog.com.br\/home\/wp-json\/wp\/v2\/types\/page"}],"author":[{"embeddable":true,"href":"https:\/\/avancolog.com.br\/home\/wp-json\/wp\/v2\/users\/1"}],"replies":[{"embeddable":true,"href":"https:\/\/avancolog.com.br\/home\/wp-json\/wp\/v2\/comments?post=677"}],"version-history":[{"count":5,"href":"https:\/\/avancolog.com.br\/home\/wp-json\/wp\/v2\/pages\/677\/revisions"}],"predecessor-version":[{"id":2002,"href":"https:\/\/avancolog.com.br\/home\/wp-json\/wp\/v2\/pages\/677\/revisions\/2002"}],"wp:attachment":[{"href":"https:\/\/avancolog.com.br\/home\/wp-json\/wp\/v2\/media?parent=677"}],"curies":[{"name":"wp","href":"https:\/\/api.w.org\/{rel}","templated":true}]}}