{"id":680,"date":"2019-05-09T12:32:48","date_gmt":"2019-05-09T12:32:48","guid":{"rendered":"http:\/\/avancolog.com.br\/home\/?page_id=680"},"modified":"2022-10-27T14:11:36","modified_gmt":"2022-10-27T14:11:36","slug":"linea","status":"publish","type":"page","link":"https:\/\/avancolog.com.br\/home\/linea\/","title":{"rendered":"Linea"},"content":{"rendered":"<div class=\"wpb-content-wrapper\">[vc_row][vc_column][vc_custom_heading text=&#8221;Linea&#8221; font_container=&#8221;tag:h1|text_align:left|color:%23000000&#8243; use_theme_fonts=&#8221;yes&#8221;][vc_column_text]\n<p style=\"font-weight: 400;\">Acreditamos que uma alimenta\u00e7\u00e3o mais saud\u00e1vel pode ser muito gostosa. Por isso, criamos nossos produtos para que eles proporcionem momentos saborosos, como um chocolate que derrete na boca, uma geleia com peda\u00e7os de fruta de verdade ou uma barrinha com peda\u00e7os inteiros de castanha. Nossos alimentos s\u00e3o leves como sempre e deliciosos como nunca\u201d.<\/p>\n<p style=\"font-weight: 400;\">\u00c9 por isso que a LINEA veio a este mundo: para inspirar as pessoas \u00e0 terem mais qualidade de vida e transformar suas vis\u00f5es sobre alimenta\u00e7\u00e3o saud\u00e1vel, oferecendo sabor, prazer e seguran\u00e7a em forma de produtos deliciosos. Porque uma vida de escolhas \u00e9 uma vida muito mais gostosa!<\/p>\n<p style=\"font-weight: 400;\"><em>Linea. O sabor de uma vida mais leve.<\/em><\/p>\n[\/vc_column_text][\/vc_column][\/vc_row][vc_row][vc_column width=&#8221;1\/4&#8243;][vc_gallery interval=&#8221;3&#8243; images=&#8221;1831,1832,1833,1834,1835&#8243; img_size=&#8221;full&#8221;][\/vc_column][vc_column width=&#8221;1\/4&#8243;][vc_gallery interval=&#8221;3&#8243; images=&#8221;1836,1837,1838,1839,1840&#8243; img_size=&#8221;full&#8221;][\/vc_column][vc_column width=&#8221;1\/4&#8243;][vc_gallery interval=&#8221;3&#8243; images=&#8221;1841,1842,1843&#8243; img_size=&#8221;full&#8221;][\/vc_column][vc_column width=&#8221;1\/4&#8243;][vc_gallery interval=&#8221;3&#8243; images=&#8221;1844,1845,1846&#8243; img_size=&#8221;full&#8221;][\/vc_column][\/vc_row][vc_row][vc_column width=&#8221;1\/4&#8243;][vc_gallery interval=&#8221;3&#8243; images=&#8221;1847,1848,1849,1850,1851&#8243; img_size=&#8221;full&#8221;][\/vc_column][vc_column width=&#8221;1\/4&#8243;][\/vc_column][vc_column width=&#8221;1\/4&#8243;][\/vc_column][vc_column width=&#8221;1\/4&#8243;][\/vc_column][\/vc_row]\n<\/div>","protected":false},"excerpt":{"rendered":"<p>[vc_row][vc_column][vc_custom_heading text=&#8221;Linea&#8221; font_container=&#8221;tag:h1|text_align:left|color:%23000000&#8243; use_theme_fonts=&#8221;yes&#8221;][vc_column_text] Acreditamos que uma alimenta\u00e7\u00e3o mais saud\u00e1vel pode ser muito gostosa. Por isso, criamos nossos produtos para que eles proporcionem momentos saborosos, como um chocolate que derrete na boca, uma geleia com peda\u00e7os de fruta de verdade ou uma barrinha com peda\u00e7os inteiros de castanha. Nossos alimentos s\u00e3o leves como sempre e [&hellip;]<\/p>\n","protected":false},"author":1,"featured_media":0,"parent":0,"menu_order":0,"comment_status":"closed","ping_status":"closed","template":"","meta":{"footnotes":""},"class_list":["post-680","page","type-page","status-publish","hentry"],"_links":{"self":[{"href":"https:\/\/avancolog.com.br\/home\/wp-json\/wp\/v2\/pages\/680","targetHints":{"allow":["GET"]}}],"collection":[{"href":"https:\/\/avancolog.com.br\/home\/wp-json\/wp\/v2\/pages"}],"about":[{"href":"https:\/\/avancolog.com.br\/home\/wp-json\/wp\/v2\/types\/page"}],"author":[{"embeddable":true,"href":"https:\/\/avancolog.com.br\/home\/wp-json\/wp\/v2\/users\/1"}],"replies":[{"embeddable":true,"href":"https:\/\/avancolog.com.br\/home\/wp-json\/wp\/v2\/comments?post=680"}],"version-history":[{"count":6,"href":"https:\/\/avancolog.com.br\/home\/wp-json\/wp\/v2\/pages\/680\/revisions"}],"predecessor-version":[{"id":1853,"href":"https:\/\/avancolog.com.br\/home\/wp-json\/wp\/v2\/pages\/680\/revisions\/1853"}],"wp:attachment":[{"href":"https:\/\/avancolog.com.br\/home\/wp-json\/wp\/v2\/media?parent=680"}],"curies":[{"name":"wp","href":"https:\/\/api.w.org\/{rel}","templated":true}]}}