{"id":683,"date":"2019-05-09T12:33:07","date_gmt":"2019-05-09T12:33:07","guid":{"rendered":"http:\/\/avancolog.com.br\/home\/?page_id=683"},"modified":"2021-07-18T17:10:16","modified_gmt":"2021-07-18T17:10:16","slug":"rivoli","status":"publish","type":"page","link":"https:\/\/avancolog.com.br\/home\/rivoli\/","title":{"rendered":"Rivoli"},"content":{"rendered":"<div class=\"wpb-content-wrapper\">[vc_row][vc_column width=&#8221;1\/2&#8243;][vc_custom_heading text=&#8221;Rivoli&#8221; font_container=&#8221;tag:h1|text_align:left|color:%23000000&#8243; use_theme_fonts=&#8221;yes&#8221;][vc_column_text]\n<p id=\"u1133-2\">H\u00e1 mais de 50 anos, a Rivoli seleciona as melhores azeitonas do Mundo, para levar aos consumidores o melhor sabor, com uma tradi\u00e7\u00e3o de<\/p>\n<p id=\"u1133-4\">qualidade sem igual.<\/p>\n<p id=\"u1133-7\">Azeitonas verdes, pretas, recheadas, sem caro\u00e7o, fatiadas e de diversas variedades, entre elas Arauco, Gordal e Azapa.<\/p>\n<p id=\"u1133-10\">Nossas azeitonas s\u00e3o apropriadas para todo tipo de consumo, sendo consumidas como petisco ou como ingredientes de variadas e saborosas receitas. Campe\u00e3s de vendas em S\u00e3o Paulo e em outros mercados brasileiros, as divinas Azeitonas da Rivoli n\u00e3o podem faltar em sua casa ou no ponto de venda.<\/p>\n[\/vc_column_text][\/vc_column][vc_column width=&#8221;1\/2&#8243;][vc_gallery interval=&#8221;3&#8243; images=&#8221;1158,1159,1160,1161,1162,1163,1164,1165,1166,1167,1168,1169,1170,1171,1172,1173,1174,1175,1176,1177,1178,1179,1180,1181&#8243; img_size=&#8221;full&#8221;][\/vc_column][\/vc_row]\n<\/div>","protected":false},"excerpt":{"rendered":"<p>[vc_row][vc_column width=&#8221;1\/2&#8243;][vc_custom_heading text=&#8221;Rivoli&#8221; font_container=&#8221;tag:h1|text_align:left|color:%23000000&#8243; use_theme_fonts=&#8221;yes&#8221;][vc_column_text] H\u00e1 mais de 50 anos, a Rivoli seleciona as melhores azeitonas do Mundo, para levar aos consumidores o melhor sabor, com uma tradi\u00e7\u00e3o de qualidade sem igual. Azeitonas verdes, pretas, recheadas, sem caro\u00e7o, fatiadas e de diversas variedades, entre elas Arauco, Gordal e Azapa. Nossas azeitonas s\u00e3o apropriadas para todo [&hellip;]<\/p>\n","protected":false},"author":1,"featured_media":0,"parent":0,"menu_order":0,"comment_status":"closed","ping_status":"closed","template":"","meta":{"footnotes":""},"class_list":["post-683","page","type-page","status-publish","hentry"],"_links":{"self":[{"href":"https:\/\/avancolog.com.br\/home\/wp-json\/wp\/v2\/pages\/683","targetHints":{"allow":["GET"]}}],"collection":[{"href":"https:\/\/avancolog.com.br\/home\/wp-json\/wp\/v2\/pages"}],"about":[{"href":"https:\/\/avancolog.com.br\/home\/wp-json\/wp\/v2\/types\/page"}],"author":[{"embeddable":true,"href":"https:\/\/avancolog.com.br\/home\/wp-json\/wp\/v2\/users\/1"}],"replies":[{"embeddable":true,"href":"https:\/\/avancolog.com.br\/home\/wp-json\/wp\/v2\/comments?post=683"}],"version-history":[{"count":4,"href":"https:\/\/avancolog.com.br\/home\/wp-json\/wp\/v2\/pages\/683\/revisions"}],"predecessor-version":[{"id":1482,"href":"https:\/\/avancolog.com.br\/home\/wp-json\/wp\/v2\/pages\/683\/revisions\/1482"}],"wp:attachment":[{"href":"https:\/\/avancolog.com.br\/home\/wp-json\/wp\/v2\/media?parent=683"}],"curies":[{"name":"wp","href":"https:\/\/api.w.org\/{rel}","templated":true}]}}