{"id":686,"date":"2019-05-09T12:33:26","date_gmt":"2019-05-09T12:33:26","guid":{"rendered":"http:\/\/avancolog.com.br\/home\/?page_id=686"},"modified":"2022-12-21T12:47:37","modified_gmt":"2022-12-21T12:47:37","slug":"suzano","status":"publish","type":"page","link":"https:\/\/avancolog.com.br\/home\/suzano\/","title":{"rendered":"Suzano"},"content":{"rendered":"<div class=\"wpb-content-wrapper\">[vc_row][vc_column][vc_custom_heading text=&#8221;Suzano&#8221; font_container=&#8221;tag:h1|text_align:left|color:%23000000&#8243; use_theme_fonts=&#8221;yes&#8221;][vc_column_text]\n<p style=\"font-weight: 400;\">\u201cEstamos com voc\u00ea em diversos produtos que j\u00e1 fazem parte do seu dia a dia e trabalhamos para criar solu\u00e7\u00f5es renov\u00e1veis que v\u00e3o construir um futuro muito mais sustent\u00e1vel\u201d.<\/p>\n<p>A coragem de inovar e o pioneirismo que marcaram as nove d\u00e9cadas de hist\u00f3ria da Suzano!<\/p>\n<p style=\"font-weight: 400;\">Operam hoje no segmento de celulose de eucalipto, comercializada em 31 pa\u00edses; e papel, vendido em mais de 60. S\u00e3o a segunda maior produtora global de celulose de eucalipto e est\u00e3o entre as cinco maiores de\u00a0celulose de mercado.<\/p>\n[\/vc_column_text][\/vc_column][\/vc_row][vc_row][vc_column width=&#8221;1\/3&#8243;][vc_gallery interval=&#8221;3&#8243; images=&#8221;1876,1877,1878&#8243; img_size=&#8221;full&#8221;][\/vc_column][vc_column width=&#8221;1\/3&#8243;][vc_gallery interval=&#8221;3&#8243; images=&#8221;1879&#8243; img_size=&#8221;full&#8221;][\/vc_column][vc_column width=&#8221;1\/3&#8243;][vc_gallery interval=&#8221;3&#8243; images=&#8221;1880,1881&#8243; img_size=&#8221;full&#8221;][\/vc_column][\/vc_row]\n<\/div>","protected":false},"excerpt":{"rendered":"<p>[vc_row][vc_column][vc_custom_heading text=&#8221;Suzano&#8221; font_container=&#8221;tag:h1|text_align:left|color:%23000000&#8243; use_theme_fonts=&#8221;yes&#8221;][vc_column_text] \u201cEstamos com voc\u00ea em diversos produtos que j\u00e1 fazem parte do seu dia a dia e trabalhamos para criar solu\u00e7\u00f5es renov\u00e1veis que v\u00e3o construir um futuro muito mais sustent\u00e1vel\u201d. A coragem de inovar e o pioneirismo que marcaram as nove d\u00e9cadas de hist\u00f3ria da Suzano! Operam hoje no segmento de celulose [&hellip;]<\/p>\n","protected":false},"author":1,"featured_media":0,"parent":0,"menu_order":0,"comment_status":"closed","ping_status":"closed","template":"","meta":{"footnotes":""},"class_list":["post-686","page","type-page","status-publish","hentry"],"_links":{"self":[{"href":"https:\/\/avancolog.com.br\/home\/wp-json\/wp\/v2\/pages\/686","targetHints":{"allow":["GET"]}}],"collection":[{"href":"https:\/\/avancolog.com.br\/home\/wp-json\/wp\/v2\/pages"}],"about":[{"href":"https:\/\/avancolog.com.br\/home\/wp-json\/wp\/v2\/types\/page"}],"author":[{"embeddable":true,"href":"https:\/\/avancolog.com.br\/home\/wp-json\/wp\/v2\/users\/1"}],"replies":[{"embeddable":true,"href":"https:\/\/avancolog.com.br\/home\/wp-json\/wp\/v2\/comments?post=686"}],"version-history":[{"count":6,"href":"https:\/\/avancolog.com.br\/home\/wp-json\/wp\/v2\/pages\/686\/revisions"}],"predecessor-version":[{"id":1882,"href":"https:\/\/avancolog.com.br\/home\/wp-json\/wp\/v2\/pages\/686\/revisions\/1882"}],"wp:attachment":[{"href":"https:\/\/avancolog.com.br\/home\/wp-json\/wp\/v2\/media?parent=686"}],"curies":[{"name":"wp","href":"https:\/\/api.w.org\/{rel}","templated":true}]}}