{"id":687,"date":"2019-05-09T12:33:32","date_gmt":"2019-05-09T12:33:32","guid":{"rendered":"http:\/\/avancolog.com.br\/home\/?page_id=687"},"modified":"2021-07-18T17:12:16","modified_gmt":"2021-07-18T17:12:16","slug":"vinilady","status":"publish","type":"page","link":"https:\/\/avancolog.com.br\/home\/vinilady\/","title":{"rendered":"ViniLady"},"content":{"rendered":"<div class=\"wpb-content-wrapper\">[vc_row][vc_column width=&#8221;1\/2&#8243;][vc_custom_heading text=&#8221;ViniLady&#8221; font_container=&#8221;tag:h1|text_align:left|color:%23000000&#8243; use_theme_fonts=&#8221;yes&#8221;][vc_column_text]Fundada em 1993 pelos irm\u00e3os Enio e Nelson Dartora; iniciando os trabalhos com a distribui\u00e7\u00e3o de cosm\u00e9ticos;<\/p>\n<ul>\n<li>Em 1996 \u00e9 adquirida pelos irm\u00e3os uma ind\u00fastria, onde passam a ser produzidas as linhas pr\u00f3prias;<\/li>\n<li>No ano de 2005 a empresa ocupa novas instala\u00e7\u00f5es, com espa\u00e7o de 3.900m2;<\/li>\n<li>No ano de 2015 inicia-se a constru\u00e7\u00e3o de uma nova planta, que abrigar\u00e1 as opera\u00e7\u00f5es de distribui\u00e7\u00e3o, agregando mais de 3.000m2 de \u00e1rea constru\u00edda \u00e0s instala\u00e7\u00f5es da empresa;<\/li>\n<li>A empresa atende mais de 4.000 clientes no Rio Grande do Sul e Santa Catarina. Possui tamb\u00e9m distribui\u00e7\u00e3o em Estados do Sudeste, Centro-Oeste e Nordeste Brasileiro, e recentemente iniciou projetos de exporta\u00e7\u00e3o na Am\u00e9rica do Sul;<\/li>\n<li>Conta com mais de 100 colaboradores, tendo em seu portf\u00f3lio mais de 400 produtos com as marcas pr\u00f3prias, que s\u00e3o a Vini Lady, De Vini, Denomax, Raro Efeito e Delange.<\/li>\n<\/ul>\n[\/vc_column_text][\/vc_column][vc_column width=&#8221;1\/2&#8243;][vc_gallery interval=&#8221;3&#8243; images=&#8221;1223,1224,1225,1226,1227,1228,1229,1230,1231,1232,1233,1234,1235,1236,1237,1238,1239,1240,1241,1242,1243,1244,1245,1246,1247,1248,1249,1250,1251,1252,1253,1254,1255,1256,1257,1258,1259,1260,1261,1262,1263,1264,1265,1266,1267,1268,1269,1270,1271,1272,1273&#8243; img_size=&#8221;full&#8221;][\/vc_column][\/vc_row]\n<\/div>","protected":false},"excerpt":{"rendered":"<p>[vc_row][vc_column width=&#8221;1\/2&#8243;][vc_custom_heading text=&#8221;ViniLady&#8221; font_container=&#8221;tag:h1|text_align:left|color:%23000000&#8243; use_theme_fonts=&#8221;yes&#8221;][vc_column_text]Fundada em 1993 pelos irm\u00e3os Enio e Nelson Dartora; iniciando os trabalhos com a distribui\u00e7\u00e3o de cosm\u00e9ticos; Em 1996 \u00e9 adquirida pelos irm\u00e3os uma ind\u00fastria, onde passam a ser produzidas as linhas pr\u00f3prias; No ano de 2005 a empresa ocupa novas instala\u00e7\u00f5es, com espa\u00e7o de 3.900m2; No ano de 2015 inicia-se [&hellip;]<\/p>\n","protected":false},"author":1,"featured_media":0,"parent":0,"menu_order":0,"comment_status":"closed","ping_status":"closed","template":"","meta":{"footnotes":""},"class_list":["post-687","page","type-page","status-publish","hentry"],"_links":{"self":[{"href":"https:\/\/avancolog.com.br\/home\/wp-json\/wp\/v2\/pages\/687","targetHints":{"allow":["GET"]}}],"collection":[{"href":"https:\/\/avancolog.com.br\/home\/wp-json\/wp\/v2\/pages"}],"about":[{"href":"https:\/\/avancolog.com.br\/home\/wp-json\/wp\/v2\/types\/page"}],"author":[{"embeddable":true,"href":"https:\/\/avancolog.com.br\/home\/wp-json\/wp\/v2\/users\/1"}],"replies":[{"embeddable":true,"href":"https:\/\/avancolog.com.br\/home\/wp-json\/wp\/v2\/comments?post=687"}],"version-history":[{"count":4,"href":"https:\/\/avancolog.com.br\/home\/wp-json\/wp\/v2\/pages\/687\/revisions"}],"predecessor-version":[{"id":1485,"href":"https:\/\/avancolog.com.br\/home\/wp-json\/wp\/v2\/pages\/687\/revisions\/1485"}],"wp:attachment":[{"href":"https:\/\/avancolog.com.br\/home\/wp-json\/wp\/v2\/media?parent=687"}],"curies":[{"name":"wp","href":"https:\/\/api.w.org\/{rel}","templated":true}]}}