{"id":688,"date":"2019-05-09T12:33:39","date_gmt":"2019-05-09T12:33:39","guid":{"rendered":"http:\/\/avancolog.com.br\/home\/?page_id=688"},"modified":"2022-12-15T20:49:54","modified_gmt":"2022-12-15T20:49:54","slug":"mdiasbranco","status":"publish","type":"page","link":"https:\/\/avancolog.com.br\/home\/mdiasbranco\/","title":{"rendered":"M\u2019 Dias Branco"},"content":{"rendered":"<div class=\"wpb-content-wrapper\">[vc_row][vc_column][vc_custom_heading text=&#8221;M\u2019 Dias Branco&#8221; font_container=&#8221;tag:h1|text_align:left|color:%23000000&#8243; use_theme_fonts=&#8221;yes&#8221;][vc_column_text]\n<p style=\"font-weight: 400;\">Com quase sete d\u00e9cadas de exist\u00eancia, a M. Dias Branco, que nasceu de um sonho, se tornou a l\u00edder nacional em massas e biscoitos, com a miss\u00e3o de alimentar e inspirar as pessoas, transformando sonhos em realidade.<\/p>\n<p style=\"font-weight: 400;\">Esse \u00e9 o prop\u00f3sito que nos inspira e faz com que sejamos uma das maiores ind\u00fastrias de alimentos do Brasil e do mundo. Estamos presentes em todo o Pa\u00eds com marcas que s\u00e3o orgulhos nacionais, contando com um amplo portf\u00f3lio de produtos sin\u00f4nimos de sabor e qualidade.<\/p>\n[\/vc_column_text][\/vc_column][\/vc_row][vc_row][vc_column width=&#8221;1\/4&#8243;][vc_gallery interval=&#8221;3&#8243; images=&#8221;1690,1683,1691,1685,1686,1687,1688&#8243; img_size=&#8221;full&#8221;][\/vc_column][vc_column width=&#8221;1\/4&#8243;][vc_gallery interval=&#8221;3&#8243; images=&#8221;1764,1765,1766,1767,1768,1769,1770,1771,1772,1773,1774,1775,1776,1777,1778,1779,1780,1781,1782,1783,1784,1785,1786,1787,1788,1789,1790,1791,1792,1793,1794,1795,1796,1797,1798,1799,1800&#8243; img_size=&#8221;full&#8221;][\/vc_column][vc_column width=&#8221;1\/4&#8243;][vc_gallery interval=&#8221;3&#8243; images=&#8221;1801,1802,1803,1804,1805,1806&#8243; img_size=&#8221;full&#8221;][\/vc_column][vc_column width=&#8221;1\/4&#8243;][vc_gallery interval=&#8221;3&#8243; images=&#8221;1807,1808,1809,1810,1811&#8243; img_size=&#8221;full&#8221;][\/vc_column][\/vc_row][vc_row][vc_column width=&#8221;1\/4&#8243;][vc_gallery interval=&#8221;3&#8243; images=&#8221;1815,1816,1817,1818&#8243; img_size=&#8221;full&#8221;][\/vc_column][vc_column width=&#8221;1\/4&#8243;][vc_gallery interval=&#8221;3&#8243; images=&#8221;1855,1856,1857,1858,1859,1860,1861&#8243; img_size=&#8221;full&#8221;][\/vc_column][vc_column width=&#8221;1\/4&#8243;][vc_gallery interval=&#8221;3&#8243; images=&#8221;1873,1874&#8243; img_size=&#8221;full&#8221;][\/vc_column][vc_column width=&#8221;1\/4&#8243;][\/vc_column][\/vc_row]\n<\/div>","protected":false},"excerpt":{"rendered":"<p>[vc_row][vc_column][vc_custom_heading text=&#8221;M\u2019 Dias Branco&#8221; font_container=&#8221;tag:h1|text_align:left|color:%23000000&#8243; use_theme_fonts=&#8221;yes&#8221;][vc_column_text] Com quase sete d\u00e9cadas de exist\u00eancia, a M. Dias Branco, que nasceu de um sonho, se tornou a l\u00edder nacional em massas e biscoitos, com a miss\u00e3o de alimentar e inspirar as pessoas, transformando sonhos em realidade. Esse \u00e9 o prop\u00f3sito que nos inspira e faz com que sejamos [&hellip;]<\/p>\n","protected":false},"author":1,"featured_media":0,"parent":0,"menu_order":0,"comment_status":"closed","ping_status":"closed","template":"","meta":{"footnotes":""},"class_list":["post-688","page","type-page","status-publish","hentry"],"_links":{"self":[{"href":"https:\/\/avancolog.com.br\/home\/wp-json\/wp\/v2\/pages\/688","targetHints":{"allow":["GET"]}}],"collection":[{"href":"https:\/\/avancolog.com.br\/home\/wp-json\/wp\/v2\/pages"}],"about":[{"href":"https:\/\/avancolog.com.br\/home\/wp-json\/wp\/v2\/types\/page"}],"author":[{"embeddable":true,"href":"https:\/\/avancolog.com.br\/home\/wp-json\/wp\/v2\/users\/1"}],"replies":[{"embeddable":true,"href":"https:\/\/avancolog.com.br\/home\/wp-json\/wp\/v2\/comments?post=688"}],"version-history":[{"count":13,"href":"https:\/\/avancolog.com.br\/home\/wp-json\/wp\/v2\/pages\/688\/revisions"}],"predecessor-version":[{"id":1875,"href":"https:\/\/avancolog.com.br\/home\/wp-json\/wp\/v2\/pages\/688\/revisions\/1875"}],"wp:attachment":[{"href":"https:\/\/avancolog.com.br\/home\/wp-json\/wp\/v2\/media?parent=688"}],"curies":[{"name":"wp","href":"https:\/\/api.w.org\/{rel}","templated":true}]}}